{"id":15494,"date":"2018-05-03T17:16:14","date_gmt":"2018-05-03T14:16:14","guid":{"rendered":"http:\/\/www.stratosvillas.com\/?page_id=15494"},"modified":"2020-06-12T00:58:09","modified_gmt":"2020-06-11T21:58:09","slug":"location","status":"publish","type":"page","link":"https:\/\/stratosvillas.com\/de\/location\/","title":{"rendered":"Location"},"content":{"rendered":"<p><div class=\"fusion-fullwidth fullwidth-box fusion-builder-row-1 nonhundred-percent-fullwidth non-hundred-percent-height-scrolling\" style=\"background-color: #ffffff;background-position: left top;background-repeat: no-repeat;padding-top:70px;padding-right:0px;padding-bottom:75px;padding-left:0px;margin-bottom: 0px;margin-top: 0px;border-width: 0px 0px 0px 0px;border-color:#eae9e9;border-style:solid;\" ><div class=\"fusion-builder-row fusion-row\"><div class=\"fusion-layout-column fusion_builder_column fusion-builder-column-0 fusion_builder_column_1_2 1_2 fusion-one-half fusion-column-first\" style=\"width:48%; margin-right: 4%;margin-top:0px;margin-bottom:20px;\"><div class=\"fusion-column-wrapper fusion-flex-column-wrapper-legacy\" style=\"background-position:left top;background-repeat:no-repeat;-webkit-background-size:cover;-moz-background-size:cover;-o-background-size:cover;background-size:cover;padding: 0px 0px 0px 0px;\"><div class=\"fusion-text fusion-text-1\"><h1>Lage des Geb\u00e4udekomplexes Stratos Villen<\/h1>\n<p>Der Stratos Villen-Komplex mit den Villen Stratos, Fouli und Maria befindet sich in zentraler Lage auf der Insel Kreta. Die G\u00e4ste haben die M\u00f6glichkeit, Spazierwege und historische Pfade kennenzulernen, H\u00f6hlen und Schluchten zu erforschen, und die einzigartigen Str\u00e4nde der Umgebung zu genie\u00dfen.<\/p>\n<p>Rethymno, Kreta Die Entfernung von den Stratos Villen zu bestimmten Punkten sind: 1 km von der Ortschaft Kalonichti in der Pr\u00e4fektur von Rethymno, 12 km von der Stadt Rethymno, 7 km von der Nordk\u00fcste, 23 km von der S\u00fcdk\u00fcste (Libysches Meer), 98 km vom Flughafen \u201eNikos Kazantzakis\u201c in Heraklion und 66 km vom Flughafen \u201eJannis Daskalojannis\u201c in Chania.<\/p>\n<p>Von den Villen Stratos, Fouli und Maria findet man in einer Entfernung von nur 2 km einen Minimarkt, eine traditionelle Taverne, eine B\u00e4ckerei, einen Laden mit traditionellen Produkten, eine Apotheke und eine Tankstelle.<\/p>\n<\/div><div class=\"imageframe-liftup\"><span class=\" fusion-imageframe imageframe-none imageframe-1 fusion-animated\" data-animationType=\"shake\" data-animationDuration=\"0.3\" data-animationOffset=\"100%\"><a href=\"https:\/\/stratosvillas.com\/wp-content\/uploads\/2018\/03\/how-to-arrive-1-1200x635.jpg\" class=\"fusion-lightbox\" data-rel=\"iLightbox[a768d33b81aba67ae21]\" data-title=\"how to arrive 1\" title=\"how to arrive 1\"><img decoding=\"async\" width=\"1200\" height=\"635\" src=\"https:\/\/stratosvillas.com\/wp-content\/uploads\/2018\/03\/how-to-arrive-1-1200x635.jpg\" class=\"img-responsive wp-image-12508\" srcset=\"https:\/\/stratosvillas.com\/wp-content\/uploads\/2018\/03\/how-to-arrive-1-200x106.jpg 200w, https:\/\/stratosvillas.com\/wp-content\/uploads\/2018\/03\/how-to-arrive-1-400x212.jpg 400w, https:\/\/stratosvillas.com\/wp-content\/uploads\/2018\/03\/how-to-arrive-1-600x318.jpg 600w, https:\/\/stratosvillas.com\/wp-content\/uploads\/2018\/03\/how-to-arrive-1-800x423.jpg 800w, https:\/\/stratosvillas.com\/wp-content\/uploads\/2018\/03\/how-to-arrive-1.jpg 1200w\" sizes=\"(max-width: 800px) 100vw, 600px\" \/><\/a><\/span><\/div><div class=\"fusion-clearfix\"><\/div><\/div><\/div><div class=\"fusion-layout-column fusion_builder_column fusion-builder-column-1 fusion_builder_column_1_2 1_2 fusion-one-half fusion-column-last\" style=\"width:48%;margin-top:0px;margin-bottom:20px;\"><div class=\"fusion-column-wrapper fusion-flex-column-wrapper-legacy\" style=\"background-position:left top;background-repeat:no-repeat;-webkit-background-size:cover;-moz-background-size:cover;-o-background-size:cover;background-size:cover;padding: 0px 0px 0px 0px;\"><div class=\"fusion-text fusion-text-2\"><h1>Die Fahrstrecke zu den Stratos Villen<\/h1>\n<h3>Nationalstrasse Heraklion \u2013 Rethymno<\/h3>\n<p>Wenn Sie auf der Nationalstrasse von Heraklion in Richtung Rethymno fahren, kommen Sie kurz nach der Stadt Rethymno zum Verkehrsknoten \u201cAtsipopoulo\u201d, wo Sie links abbiegen und folgende D\u00f6rfer durchfahren: Atsipopoulo, Prines, Gonia und Ag. Andreas. Nach weiteren 2 km werden Sie auf der linken Seite ein gro\u00dfes Schild mit der Aufschrift \u201eStratos Villas\u201c sehen. Hier m\u00fcssen Sie links<\/p>\n<div><\/div>\n<p>abbiegen und sind nach ca. 800m am Ziel.<\/p>\n<h3>Nationalstrasse Chania \u2013 Rethymno<\/h3>\n<p>Wenn Sie auf der Nationalstrasse von Chania in Richtung Rethymno fahren, kommen Sie vor der Stadt Rethymno zum Verkehrsknoten \u201cAtsipopoulo\u201d, wo Sie rechts abbiegen und folgende D\u00f6rfer durchfahren: Atsipopoulo, Prines, Gonia und Ag. Andreas. Nach weiteren 2 km werden Sie auf der linken Seite ein gro\u00dfes Schild mit der Aufschrift \u201eStratos Villas\u201c sehen. Hier m\u00fcssen Sie links abbiegen und sind nach ca. 800m am Ziel.<\/p>\n<\/div><div class=\"fusion-sep-clear\"><\/div><div class=\"fusion-separator fusion-full-width-sep\" style=\"margin-left: auto;margin-right: auto;margin-bottom:20px;width:100%;\"><\/div><div class=\"fusion-sep-clear\"><\/div><style type='text\/css'>.reading-box-container-1 .element-bottomshadow:before,.reading-box-container-1 .element-bottomshadow:after{opacity:0.7;}<\/style><div class=\"fusion-reading-box-container reading-box-container-1\" style=\"margin-top:0px;margin-bottom:84px;\"><div class=\"reading-box\" style=\"background-color:#f6f6f6;border-width:1px;border-color:#f6f6f6;border-left-width:3px;border-left-color:var(--primary_color);border-style:solid;\"><div class=\"reading-box-additional\">\n<h4>EIN MIETWAGEN IST UNBEDINGT ERFORDERLICH<\/h4>\n<\/div><div class=\"fusion-clearfix\"><\/div><\/div><\/div><div class=\"fusion-clearfix\"><\/div><\/div><\/div><\/div><\/div><div class=\"fusion-fullwidth fullwidth-box fusion-builder-row-2 hundred-percent-fullwidth non-hundred-percent-height-scrolling\" style=\"background-color: #ffffff;background-position: center center;background-repeat: no-repeat;padding-top:0px;padding-right:0px;padding-bottom:0px;padding-left:0px;margin-bottom: 0px;margin-top: 0px;border-width: 0px 0px 0px 0px;border-color:#eae9e9;border-style:solid;\" ><div class=\"fusion-builder-row fusion-row\"><div class=\"fusion-layout-column fusion_builder_column fusion-builder-column-2 fusion_builder_column_1_1 1_1 fusion-one-full fusion-column-first fusion-column-last\" style=\"margin-top:0px;margin-bottom:20px;\"><div class=\"fusion-column-wrapper fusion-flex-column-wrapper-legacy\" style=\"background-position:left top;background-repeat:no-repeat;-webkit-background-size:cover;-moz-background-size:cover;-o-background-size:cover;background-size:cover;padding: 0px 0px 0px 0px;\"><iframe src=\"https:\/\/www.google.com\/maps\/d\/u\/0\/embed?mid=1u8cEDzDN4mm22EYVbZ1f2NAkbN5MYJ5B&t=k&z=16&amp\" width=\"100%\" height=\"680\"><\/iframe><div class=\"fusion-clearfix\"><\/div><\/div><\/div><\/div><\/div><\/p>\n","protected":false},"excerpt":{"rendered":"","protected":false},"author":1,"featured_media":0,"parent":0,"menu_order":0,"comment_status":"closed","ping_status":"closed","template":"100-width.php","meta":{"footnotes":""},"class_list":["post-15494","page","type-page","status-publish","hentry"],"yoast_head":"<!-- This site is optimized with the Yoast SEO plugin v26.4 - https:\/\/yoast.com\/wordpress\/plugins\/seo\/ -->\n<title>Location - Stratosvillas<\/title>\n<meta name=\"robots\" content=\"index, follow, max-snippet:-1, max-image-preview:large, max-video-preview:-1\" \/>\n<link rel=\"canonical\" href=\"https:\/\/stratosvillas.com\/de\/location\/\" \/>\n<meta property=\"og:locale\" content=\"de_DE\" \/>\n<meta property=\"og:type\" content=\"article\" \/>\n<meta property=\"og:title\" content=\"Location - Stratosvillas\" \/>\n<meta property=\"og:url\" content=\"https:\/\/stratosvillas.com\/de\/location\/\" \/>\n<meta property=\"og:site_name\" content=\"Stratosvillas\" \/>\n<meta property=\"article:modified_time\" content=\"2020-06-11T21:58:09+00:00\" \/>\n<meta name=\"twitter:card\" content=\"summary_large_image\" \/>\n<meta name=\"twitter:label1\" content=\"Gesch\u00e4tzte Lesezeit\" \/>\n\t<meta name=\"twitter:data1\" content=\"5\u00a0Minuten\" \/>\n<script type=\"application\/ld+json\" class=\"yoast-schema-graph\">{\"@context\":\"https:\/\/schema.org\",\"@graph\":[{\"@type\":\"WebPage\",\"@id\":\"https:\/\/stratosvillas.com\/de\/location\/\",\"url\":\"https:\/\/stratosvillas.com\/de\/location\/\",\"name\":\"Location - Stratosvillas\",\"isPartOf\":{\"@id\":\"https:\/\/stratosvillas.com\/#website\"},\"datePublished\":\"2018-05-03T14:16:14+00:00\",\"dateModified\":\"2020-06-11T21:58:09+00:00\",\"breadcrumb\":{\"@id\":\"https:\/\/stratosvillas.com\/de\/location\/#breadcrumb\"},\"inLanguage\":\"de\",\"potentialAction\":[{\"@type\":\"ReadAction\",\"target\":[\"https:\/\/stratosvillas.com\/de\/location\/\"]}]},{\"@type\":\"BreadcrumbList\",\"@id\":\"https:\/\/stratosvillas.com\/de\/location\/#breadcrumb\",\"itemListElement\":[{\"@type\":\"ListItem\",\"position\":1,\"name\":\"Home\",\"item\":\"https:\/\/stratosvillas.com\/de\/\"},{\"@type\":\"ListItem\",\"position\":2,\"name\":\"Location\"}]},{\"@type\":\"WebSite\",\"@id\":\"https:\/\/stratosvillas.com\/#website\",\"url\":\"https:\/\/stratosvillas.com\/\",\"name\":\"Stratosvillas\",\"description\":\"Rethymno villa\",\"potentialAction\":[{\"@type\":\"SearchAction\",\"target\":{\"@type\":\"EntryPoint\",\"urlTemplate\":\"https:\/\/stratosvillas.com\/?s={search_term_string}\"},\"query-input\":{\"@type\":\"PropertyValueSpecification\",\"valueRequired\":true,\"valueName\":\"search_term_string\"}}],\"inLanguage\":\"de\"}]}<\/script>\n<!-- \/ Yoast SEO plugin. -->","yoast_head_json":{"title":"Location - Stratosvillas","robots":{"index":"index","follow":"follow","max-snippet":"max-snippet:-1","max-image-preview":"max-image-preview:large","max-video-preview":"max-video-preview:-1"},"canonical":"https:\/\/stratosvillas.com\/de\/location\/","og_locale":"de_DE","og_type":"article","og_title":"Location - Stratosvillas","og_url":"https:\/\/stratosvillas.com\/de\/location\/","og_site_name":"Stratosvillas","article_modified_time":"2020-06-11T21:58:09+00:00","twitter_card":"summary_large_image","twitter_misc":{"Gesch\u00e4tzte Lesezeit":"5\u00a0Minuten"},"schema":{"@context":"https:\/\/schema.org","@graph":[{"@type":"WebPage","@id":"https:\/\/stratosvillas.com\/de\/location\/","url":"https:\/\/stratosvillas.com\/de\/location\/","name":"Location - Stratosvillas","isPartOf":{"@id":"https:\/\/stratosvillas.com\/#website"},"datePublished":"2018-05-03T14:16:14+00:00","dateModified":"2020-06-11T21:58:09+00:00","breadcrumb":{"@id":"https:\/\/stratosvillas.com\/de\/location\/#breadcrumb"},"inLanguage":"de","potentialAction":[{"@type":"ReadAction","target":["https:\/\/stratosvillas.com\/de\/location\/"]}]},{"@type":"BreadcrumbList","@id":"https:\/\/stratosvillas.com\/de\/location\/#breadcrumb","itemListElement":[{"@type":"ListItem","position":1,"name":"Home","item":"https:\/\/stratosvillas.com\/de\/"},{"@type":"ListItem","position":2,"name":"Location"}]},{"@type":"WebSite","@id":"https:\/\/stratosvillas.com\/#website","url":"https:\/\/stratosvillas.com\/","name":"Stratosvillas","description":"Rethymno villa","potentialAction":[{"@type":"SearchAction","target":{"@type":"EntryPoint","urlTemplate":"https:\/\/stratosvillas.com\/?s={search_term_string}"},"query-input":{"@type":"PropertyValueSpecification","valueRequired":true,"valueName":"search_term_string"}}],"inLanguage":"de"}]}},"_links":{"self":[{"href":"https:\/\/stratosvillas.com\/de\/wp-json\/wp\/v2\/pages\/15494","targetHints":{"allow":["GET"]}}],"collection":[{"href":"https:\/\/stratosvillas.com\/de\/wp-json\/wp\/v2\/pages"}],"about":[{"href":"https:\/\/stratosvillas.com\/de\/wp-json\/wp\/v2\/types\/page"}],"author":[{"embeddable":true,"href":"https:\/\/stratosvillas.com\/de\/wp-json\/wp\/v2\/users\/1"}],"replies":[{"embeddable":true,"href":"https:\/\/stratosvillas.com\/de\/wp-json\/wp\/v2\/comments?post=15494"}],"version-history":[{"count":0,"href":"https:\/\/stratosvillas.com\/de\/wp-json\/wp\/v2\/pages\/15494\/revisions"}],"wp:attachment":[{"href":"https:\/\/stratosvillas.com\/de\/wp-json\/wp\/v2\/media?parent=15494"}],"curies":[{"name":"wp","href":"https:\/\/api.w.org\/{rel}","templated":true}]}}