{"id":15497,"date":"2018-05-03T17:16:56","date_gmt":"2018-05-03T14:16:56","guid":{"rendered":"http:\/\/www.stratosvillas.com\/?page_id=15497"},"modified":"2018-05-16T19:46:35","modified_gmt":"2018-05-16T16:46:35","slug":"terms-and-conditions","status":"publish","type":"page","link":"https:\/\/stratosvillas.com\/de\/useful-information\/terms-and-conditions\/","title":{"rendered":"Terms and conditions"},"content":{"rendered":"<div class=\"fusion-fullwidth fullwidth-box fusion-builder-row-1 nonhundred-percent-fullwidth non-hundred-percent-height-scrolling\" style=\"background-color: #ffffff;background-position: center center;background-repeat: no-repeat;padding-top:0px;padding-right:0px;padding-bottom:0px;padding-left:0px;margin-bottom: 0px;margin-top: 0px;border-width: 0px 0px 0px 0px;border-color:#eae9e9;border-style:solid;\" ><div class=\"fusion-builder-row fusion-row\"><div class=\"fusion-layout-column fusion_builder_column fusion-builder-column-0 fusion_builder_column_1_1 1_1 fusion-one-full fusion-column-first fusion-column-last\" style=\"margin-top:0px;margin-bottom:20px;\"><div class=\"fusion-column-wrapper fusion-flex-column-wrapper-legacy\" style=\"background-position:left top;background-repeat:no-repeat;-webkit-background-size:cover;-moz-background-size:cover;-o-background-size:cover;background-size:cover;padding: 0px 0px 0px 0px;\"><div class=\"fusion-text fusion-text-1\"><h1>Buchung Politik<\/h1>\n<p><strong>Allgemeine Buchungsbedingungen. Alles, was Sie wissen sollten.<\/strong><\/p>\n<p>Bitte lesen Sie die folgenden Bedingungen und Konditionen von Zahlungs-und Stornobedingungen, um m\u00f6gliche Missverst\u00e4ndnisse zu vermeiden.<\/p>\n<p><strong>PREISE:<\/strong><\/p>\n<p>Villa Reservierungen sind auf der Grundlage der Preise, die am Tag der Reservierung angegeben werden bezahlt. Die Preise sind in Euro angegeben und beinhalten alle gesetzlichen Steuern. W\u00e4hrend der Saison, wenn Steuern \u00e4ndern oder gibt es eine spezielle F\u00f6rderung die Preise auch \u00e4ndern k\u00f6nnen.<\/p>\n<p><strong>RESERVIERUNG UND BEZAHLUNG: <\/strong><\/p>\n<p><strong><u>Best\u00e4tigung der Reservierung<br \/>\n<\/u><\/strong>Um Ihre Reservierung zu best\u00e4tigen, m\u00fcssen Sie tragen einen Teil (Anzahlung = 30% &#8211; 50%) oder den vollen Betrag der Kosten.<\/p>\n<p><strong>Best\u00e4tigung Ihrer Anfrage <\/strong><\/p>\n<p>Nach Eingang Ihrer Anzahlung erhalten Sie die Best\u00e4tigung Ihrer Reservierung sowie die Best\u00e4tigung der Betrag Ihrer Einzahlung per E-Mail.<\/p>\n<p>Ihre Reservierung storniert wird, wenn wir nicht erhalten, die proportional Zahlung (Vorschuss) im Namen von Ihnen innerhalb 48 Stunden (2 Werktagen Tage).<\/p>\n<p>F\u00fcr Reservierungen bis zu 30 Tage vor dem Anreisedatum vollst\u00e4ndigen Begleichung unverz\u00fcglich zugesandt.<\/p>\n<p><u>Abrechnung<\/u> nicht gemacht werden d\u00fcrfen sp\u00e4testens 60 Tage vor dem Tag der Ankunft. Mit der vollst\u00e4ndigen Bezahlung, werden Sie per E-Mail erhalten den Gutschein mit dem Sie Ihre Reisedaten ein und die genauen Details Ihrer Unterkunft.<\/p>\n<p>Ihr Aufenthalt beinhaltet alle Leistungen auf diesen Voucher genannt. Zus\u00e4tzliche Leistungen werden direkt an die Unterkunft bezahlt. Dieser Gutschein muss ausgedruckt und gezeigt bei Ihrer Ankunft.<\/p>\n<p>Der Eingang der Zahlung wird euch gegeben werden am Tag Ihrer Ankunft.<\/p>\n<p><strong>ZAHLUNGSBEDINGUNGEN: <\/strong><\/p>\n<p>&#8211; <strong><u>Kreditkarten<\/u><\/strong><br \/>\nVISA und MASTERCARD werden akzeptiert. Sichere Bezahlung.<\/p>\n<p>Die Bankgeb\u00fchren sind vom Zahler bezahlt.<\/p>\n<p>&#8211; <strong><u>\u00dcberweisung <\/u><\/strong><u><br \/>\n<\/u>Haben Sie Ihre Buchung durch die Bank bezahlt wird, senden Sie uns bitte den Einzahlungsbeleg durch Fax: 0030 2831026956<\/p>\n<p>Die Bankgeb\u00fchren sind vom Zahler bezahlt.<\/p>\n<p>&#8211; <strong><u>PAYPAL <\/u><\/strong><\/p>\n<p>Die Bankgeb\u00fchren sind vom Zahler bezahlt.<\/p>\n<p>&#8211; <strong><u>Pers\u00f6nliche Schecks werden nicht angenommen.<\/u><\/strong><\/p>\n<p><strong>Stornobedingungen:<\/strong><\/p>\n<table width=\"95%\">\n<tbody>\n<tr>\n<td width=\"213\">Annullierung l\u00e4nger als 60 Tage vor dem Anreisedatum:<\/td>\n<td width=\"213\">Erstattung von 25% der Gesamtkosten<\/td>\n<\/tr>\n<tr>\n<td width=\"213\">Stornierung von 60 bis 45 Tage vor dem Tag der Anreise:<\/td>\n<td width=\"213\">Erstattung von 20% der Gesamtkosten<\/td>\n<\/tr>\n<tr>\n<td width=\"213\">Stornierung von 45 bis 30 Tage vor dem Tag der Anreise:<\/td>\n<td width=\"213\">Erstattung von 10% der Gesamtkosten<\/td>\n<\/tr>\n<tr>\n<td width=\"213\">Stornierung 29 bis 1 Tage vor dem Tag der Anreise:<\/td>\n<td width=\"213\"><strong>Keine R\u00fcckerstattung <\/strong><\/td>\n<\/tr>\n<tr>\n<td width=\"213\">Wenn der Kunde nicht in der Unterkunft erscheint das Datum der Anreise:<\/td>\n<td width=\"213\"><strong>Keine R\u00fcckerstattung<\/strong><\/td>\n<\/tr>\n<tr>\n<td width=\"213\">Wenn der Kunde nicht mehr \u00fcber die Residenz vor dem Tag der Abreise:<\/td>\n<td width=\"213\"><strong>Keine R\u00fcckerstattung<\/strong><\/td>\n<\/tr>\n<\/tbody>\n<\/table>\n<p><strong>Zentralheizung ist inklusive im Preis.<\/strong><br \/>\n<strong>Aircondition ist kostenlos<\/strong>.<\/p>\n<p>Wenn Sie irgendwelche Informationen \u00fcber Ihre Buchung oder Zahlung m\u00f6chten, k\u00f6nnen Sie uns per Email an: eva@stratosvillas.com<\/p>\n<\/div><div class=\"fusion-clearfix\"><\/div><\/div><\/div><\/div><\/div>\n","protected":false},"excerpt":{"rendered":"","protected":false},"author":1,"featured_media":0,"parent":15495,"menu_order":0,"comment_status":"closed","ping_status":"closed","template":"","meta":{"footnotes":""},"class_list":["post-15497","page","type-page","status-publish","hentry"],"yoast_head":"<!-- This site is optimized with the Yoast SEO plugin v26.4 - https:\/\/yoast.com\/wordpress\/plugins\/seo\/ -->\n<title>Terms and conditions - Stratosvillas<\/title>\n<meta name=\"robots\" content=\"index, follow, max-snippet:-1, max-image-preview:large, max-video-preview:-1\" \/>\n<link rel=\"canonical\" href=\"https:\/\/stratosvillas.com\/de\/useful-information\/terms-and-conditions\/\" \/>\n<meta property=\"og:locale\" content=\"de_DE\" \/>\n<meta property=\"og:type\" content=\"article\" \/>\n<meta property=\"og:title\" content=\"Terms and conditions - Stratosvillas\" \/>\n<meta property=\"og:url\" content=\"https:\/\/stratosvillas.com\/de\/useful-information\/terms-and-conditions\/\" \/>\n<meta property=\"og:site_name\" content=\"Stratosvillas\" \/>\n<meta property=\"article:modified_time\" content=\"2018-05-16T16:46:35+00:00\" \/>\n<meta name=\"twitter:card\" content=\"summary_large_image\" \/>\n<meta name=\"twitter:label1\" content=\"Gesch\u00e4tzte Lesezeit\" \/>\n\t<meta name=\"twitter:data1\" content=\"3\u00a0Minuten\" \/>\n<script type=\"application\/ld+json\" class=\"yoast-schema-graph\">{\"@context\":\"https:\/\/schema.org\",\"@graph\":[{\"@type\":\"WebPage\",\"@id\":\"https:\/\/stratosvillas.com\/de\/useful-information\/terms-and-conditions\/\",\"url\":\"https:\/\/stratosvillas.com\/de\/useful-information\/terms-and-conditions\/\",\"name\":\"Terms and conditions - Stratosvillas\",\"isPartOf\":{\"@id\":\"https:\/\/stratosvillas.com\/#website\"},\"datePublished\":\"2018-05-03T14:16:56+00:00\",\"dateModified\":\"2018-05-16T16:46:35+00:00\",\"breadcrumb\":{\"@id\":\"https:\/\/stratosvillas.com\/de\/useful-information\/terms-and-conditions\/#breadcrumb\"},\"inLanguage\":\"de\",\"potentialAction\":[{\"@type\":\"ReadAction\",\"target\":[\"https:\/\/stratosvillas.com\/de\/useful-information\/terms-and-conditions\/\"]}]},{\"@type\":\"BreadcrumbList\",\"@id\":\"https:\/\/stratosvillas.com\/de\/useful-information\/terms-and-conditions\/#breadcrumb\",\"itemListElement\":[{\"@type\":\"ListItem\",\"position\":1,\"name\":\"Home\",\"item\":\"https:\/\/stratosvillas.com\/de\/\"},{\"@type\":\"ListItem\",\"position\":2,\"name\":\"Useful Information\",\"item\":\"https:\/\/stratosvillas.com\/de\/useful-information\/\"},{\"@type\":\"ListItem\",\"position\":3,\"name\":\"Terms and conditions\"}]},{\"@type\":\"WebSite\",\"@id\":\"https:\/\/stratosvillas.com\/#website\",\"url\":\"https:\/\/stratosvillas.com\/\",\"name\":\"Stratosvillas\",\"description\":\"Rethymno villa\",\"potentialAction\":[{\"@type\":\"SearchAction\",\"target\":{\"@type\":\"EntryPoint\",\"urlTemplate\":\"https:\/\/stratosvillas.com\/?s={search_term_string}\"},\"query-input\":{\"@type\":\"PropertyValueSpecification\",\"valueRequired\":true,\"valueName\":\"search_term_string\"}}],\"inLanguage\":\"de\"}]}<\/script>\n<!-- \/ Yoast SEO plugin. -->","yoast_head_json":{"title":"Terms and conditions - Stratosvillas","robots":{"index":"index","follow":"follow","max-snippet":"max-snippet:-1","max-image-preview":"max-image-preview:large","max-video-preview":"max-video-preview:-1"},"canonical":"https:\/\/stratosvillas.com\/de\/useful-information\/terms-and-conditions\/","og_locale":"de_DE","og_type":"article","og_title":"Terms and conditions - Stratosvillas","og_url":"https:\/\/stratosvillas.com\/de\/useful-information\/terms-and-conditions\/","og_site_name":"Stratosvillas","article_modified_time":"2018-05-16T16:46:35+00:00","twitter_card":"summary_large_image","twitter_misc":{"Gesch\u00e4tzte Lesezeit":"3\u00a0Minuten"},"schema":{"@context":"https:\/\/schema.org","@graph":[{"@type":"WebPage","@id":"https:\/\/stratosvillas.com\/de\/useful-information\/terms-and-conditions\/","url":"https:\/\/stratosvillas.com\/de\/useful-information\/terms-and-conditions\/","name":"Terms and conditions - Stratosvillas","isPartOf":{"@id":"https:\/\/stratosvillas.com\/#website"},"datePublished":"2018-05-03T14:16:56+00:00","dateModified":"2018-05-16T16:46:35+00:00","breadcrumb":{"@id":"https:\/\/stratosvillas.com\/de\/useful-information\/terms-and-conditions\/#breadcrumb"},"inLanguage":"de","potentialAction":[{"@type":"ReadAction","target":["https:\/\/stratosvillas.com\/de\/useful-information\/terms-and-conditions\/"]}]},{"@type":"BreadcrumbList","@id":"https:\/\/stratosvillas.com\/de\/useful-information\/terms-and-conditions\/#breadcrumb","itemListElement":[{"@type":"ListItem","position":1,"name":"Home","item":"https:\/\/stratosvillas.com\/de\/"},{"@type":"ListItem","position":2,"name":"Useful Information","item":"https:\/\/stratosvillas.com\/de\/useful-information\/"},{"@type":"ListItem","position":3,"name":"Terms and conditions"}]},{"@type":"WebSite","@id":"https:\/\/stratosvillas.com\/#website","url":"https:\/\/stratosvillas.com\/","name":"Stratosvillas","description":"Rethymno villa","potentialAction":[{"@type":"SearchAction","target":{"@type":"EntryPoint","urlTemplate":"https:\/\/stratosvillas.com\/?s={search_term_string}"},"query-input":{"@type":"PropertyValueSpecification","valueRequired":true,"valueName":"search_term_string"}}],"inLanguage":"de"}]}},"_links":{"self":[{"href":"https:\/\/stratosvillas.com\/de\/wp-json\/wp\/v2\/pages\/15497","targetHints":{"allow":["GET"]}}],"collection":[{"href":"https:\/\/stratosvillas.com\/de\/wp-json\/wp\/v2\/pages"}],"about":[{"href":"https:\/\/stratosvillas.com\/de\/wp-json\/wp\/v2\/types\/page"}],"author":[{"embeddable":true,"href":"https:\/\/stratosvillas.com\/de\/wp-json\/wp\/v2\/users\/1"}],"replies":[{"embeddable":true,"href":"https:\/\/stratosvillas.com\/de\/wp-json\/wp\/v2\/comments?post=15497"}],"version-history":[{"count":0,"href":"https:\/\/stratosvillas.com\/de\/wp-json\/wp\/v2\/pages\/15497\/revisions"}],"up":[{"embeddable":true,"href":"https:\/\/stratosvillas.com\/de\/wp-json\/wp\/v2\/pages\/15495"}],"wp:attachment":[{"href":"https:\/\/stratosvillas.com\/de\/wp-json\/wp\/v2\/media?parent=15497"}],"curies":[{"name":"wp","href":"https:\/\/api.w.org\/{rel}","templated":true}]}}