{"id":15499,"date":"2018-05-03T17:17:19","date_gmt":"2018-05-03T14:17:19","guid":{"rendered":"http:\/\/www.stratosvillas.com\/?page_id=15499"},"modified":"2018-05-16T19:49:59","modified_gmt":"2018-05-16T16:49:59","slug":"agritourism","status":"publish","type":"page","link":"https:\/\/stratosvillas.com\/de\/useful-information\/agritourism\/","title":{"rendered":"Agritourism"},"content":{"rendered":"<div class=\"fusion-fullwidth fullwidth-box fusion-builder-row-1 nonhundred-percent-fullwidth non-hundred-percent-height-scrolling\" style=\"background-color: #ffffff;background-position: center center;background-repeat: no-repeat;padding-top:0px;padding-right:0px;padding-bottom:0px;padding-left:0px;margin-bottom: 0px;margin-top: 0px;border-width: 0px 0px 0px 0px;border-color:#eae9e9;border-style:solid;\" ><div class=\"fusion-builder-row fusion-row\"><div class=\"fusion-layout-column fusion_builder_column fusion-builder-column-0 fusion_builder_column_1_1 1_1 fusion-one-full fusion-column-first fusion-column-last\" style=\"margin-top:0px;margin-bottom:20px;\"><div class=\"fusion-column-wrapper fusion-flex-column-wrapper-legacy\" style=\"background-position:left top;background-repeat:no-repeat;-webkit-background-size:cover;-moz-background-size:cover;-o-background-size:cover;background-size:cover;padding: 0px 0px 0px 0px;\"><div class=\"fusion-text fusion-text-1\"><div id=\"Content\">\n<p>Die Stratos Villen bieten zu jeder Jahreszeit etwas, um Ihnen den Urlaub in der Natur so unvergesslich wie m\u00f6glich zu gestalten.<\/p>\n<blockquote>\n<p>Kommen Sie, um sich auszuruhen und um dem Alltag zu entfliehen !<\/p>\n<\/blockquote>\n<ul>\n<li>Unternehmen Sie Spazierg\u00e4nge, fahren Sie auf den kleinen Pfaden mit dem Fahrrad, wandern Sie zu den gr\u00fcnen H\u00fcgeln und erleben Sie hautnah die Natur mit ihren Olivenb\u00e4umen, Eichen, aromatischen Kr\u00e4utern und B\u00fcschen.<\/li>\n<li>Besuchen Sie historische Kl\u00f6ster und Kirchen in der Umgebung<\/li>\n<li>Wandern Sie zu dem kleinen Bach, der sich in einer Entfernung von nur 100m von den Villen befindet und entspannen Sie sich in der Natur in der Gesellschaft von Fr\u00f6schen, Krebsen, Schildkr\u00f6ten, Enten und V\u00f6geln.<\/li>\n<\/ul>\n<h4>Kommen Sie und machen Sie sich vertraut mit den Sitten und Br\u00e4uchen im Bezirk Rethymno und auf Kreta allgemein, indem Sie an folgenden Aktivit\u00e4ten teilnehmen:<\/h4>\n<ol>\n<li>Sie k\u00f6nnen bei der Weinerzeugung und bei der Herstellung des Schnapses \u201eTsikoudia\u201c, auch \u201eRaki\u201c genannt, mithelfen.<\/li>\n<li>Sie k\u00f6nnen sehen, wie Oliven\u00f6l \u2013 von Olivenb\u00e4umen aus unseren eigenen Hainen \u2013 hergestellt wird.<\/li>\n<li>Sie k\u00f6nnen an der Schafschur und im Anschluss daran am traditionellen Essen mit gekochtem Fleisch, Tsikoudia und reichlich Wein teilnehmen.<\/li>\n<li>Sie k\u00f6nnen an einer traditionellen kretischen Hochzeit teilnehmen, den typischen, in Fleischbr\u00fche gekochten Hochzeitsreis \u201eGamopilafo\u201c ausprobieren, dem kretischen Musikinstrument Lyra und den kretischen Liedern zuh\u00f6ren und kretische T\u00e4nze ausprobieren.<\/li>\n<li>Sie k\u00f6nnen eine K\u00e4serei in der Gegend besuchen und zusehen, wie der gelbe \u201eGraviera\u201c K\u00e4se, der Weichk\u00e4se \u201eMyzithra\u201c, das frische Joghurt, \u201eAnthogalo\u201c und kretischer \u201eXinochondro\u201c produziert werden.<\/li>\n<li>Sie k\u00f6nnen im hauseigenen Garten der Villa frisches Gem\u00fcse z\u00fcchten und genie\u00dfen, wie z.B. Gurken, Tomaten, Zucchini, Auberginen, Paprika, usw.<\/li>\n<\/ol>\n<\/div>\n<\/div><div class=\"fusion-clearfix\"><\/div><\/div><\/div><\/div><\/div>\n","protected":false},"excerpt":{"rendered":"","protected":false},"author":1,"featured_media":0,"parent":15495,"menu_order":0,"comment_status":"closed","ping_status":"closed","template":"","meta":{"footnotes":""},"class_list":["post-15499","page","type-page","status-publish","hentry"],"yoast_head":"<!-- This site is optimized with the Yoast SEO plugin v26.4 - https:\/\/yoast.com\/wordpress\/plugins\/seo\/ -->\n<title>Agritourism - Stratosvillas<\/title>\n<meta name=\"robots\" content=\"index, follow, max-snippet:-1, max-image-preview:large, max-video-preview:-1\" \/>\n<link rel=\"canonical\" href=\"https:\/\/stratosvillas.com\/de\/useful-information\/agritourism\/\" \/>\n<meta property=\"og:locale\" content=\"de_DE\" \/>\n<meta property=\"og:type\" content=\"article\" \/>\n<meta property=\"og:title\" content=\"Agritourism - Stratosvillas\" \/>\n<meta property=\"og:url\" content=\"https:\/\/stratosvillas.com\/de\/useful-information\/agritourism\/\" \/>\n<meta property=\"og:site_name\" content=\"Stratosvillas\" \/>\n<meta property=\"article:modified_time\" content=\"2018-05-16T16:49:59+00:00\" \/>\n<meta name=\"twitter:card\" content=\"summary_large_image\" \/>\n<meta name=\"twitter:label1\" content=\"Gesch\u00e4tzte Lesezeit\" \/>\n\t<meta name=\"twitter:data1\" content=\"2\u00a0Minuten\" \/>\n<script type=\"application\/ld+json\" class=\"yoast-schema-graph\">{\"@context\":\"https:\/\/schema.org\",\"@graph\":[{\"@type\":\"WebPage\",\"@id\":\"https:\/\/stratosvillas.com\/de\/useful-information\/agritourism\/\",\"url\":\"https:\/\/stratosvillas.com\/de\/useful-information\/agritourism\/\",\"name\":\"Agritourism - Stratosvillas\",\"isPartOf\":{\"@id\":\"https:\/\/stratosvillas.com\/#website\"},\"datePublished\":\"2018-05-03T14:17:19+00:00\",\"dateModified\":\"2018-05-16T16:49:59+00:00\",\"breadcrumb\":{\"@id\":\"https:\/\/stratosvillas.com\/de\/useful-information\/agritourism\/#breadcrumb\"},\"inLanguage\":\"de\",\"potentialAction\":[{\"@type\":\"ReadAction\",\"target\":[\"https:\/\/stratosvillas.com\/de\/useful-information\/agritourism\/\"]}]},{\"@type\":\"BreadcrumbList\",\"@id\":\"https:\/\/stratosvillas.com\/de\/useful-information\/agritourism\/#breadcrumb\",\"itemListElement\":[{\"@type\":\"ListItem\",\"position\":1,\"name\":\"Home\",\"item\":\"https:\/\/stratosvillas.com\/de\/\"},{\"@type\":\"ListItem\",\"position\":2,\"name\":\"Useful Information\",\"item\":\"https:\/\/stratosvillas.com\/de\/useful-information\/\"},{\"@type\":\"ListItem\",\"position\":3,\"name\":\"Agritourism\"}]},{\"@type\":\"WebSite\",\"@id\":\"https:\/\/stratosvillas.com\/#website\",\"url\":\"https:\/\/stratosvillas.com\/\",\"name\":\"Stratosvillas\",\"description\":\"Rethymno villa\",\"potentialAction\":[{\"@type\":\"SearchAction\",\"target\":{\"@type\":\"EntryPoint\",\"urlTemplate\":\"https:\/\/stratosvillas.com\/?s={search_term_string}\"},\"query-input\":{\"@type\":\"PropertyValueSpecification\",\"valueRequired\":true,\"valueName\":\"search_term_string\"}}],\"inLanguage\":\"de\"}]}<\/script>\n<!-- \/ Yoast SEO plugin. -->","yoast_head_json":{"title":"Agritourism - Stratosvillas","robots":{"index":"index","follow":"follow","max-snippet":"max-snippet:-1","max-image-preview":"max-image-preview:large","max-video-preview":"max-video-preview:-1"},"canonical":"https:\/\/stratosvillas.com\/de\/useful-information\/agritourism\/","og_locale":"de_DE","og_type":"article","og_title":"Agritourism - Stratosvillas","og_url":"https:\/\/stratosvillas.com\/de\/useful-information\/agritourism\/","og_site_name":"Stratosvillas","article_modified_time":"2018-05-16T16:49:59+00:00","twitter_card":"summary_large_image","twitter_misc":{"Gesch\u00e4tzte Lesezeit":"2\u00a0Minuten"},"schema":{"@context":"https:\/\/schema.org","@graph":[{"@type":"WebPage","@id":"https:\/\/stratosvillas.com\/de\/useful-information\/agritourism\/","url":"https:\/\/stratosvillas.com\/de\/useful-information\/agritourism\/","name":"Agritourism - Stratosvillas","isPartOf":{"@id":"https:\/\/stratosvillas.com\/#website"},"datePublished":"2018-05-03T14:17:19+00:00","dateModified":"2018-05-16T16:49:59+00:00","breadcrumb":{"@id":"https:\/\/stratosvillas.com\/de\/useful-information\/agritourism\/#breadcrumb"},"inLanguage":"de","potentialAction":[{"@type":"ReadAction","target":["https:\/\/stratosvillas.com\/de\/useful-information\/agritourism\/"]}]},{"@type":"BreadcrumbList","@id":"https:\/\/stratosvillas.com\/de\/useful-information\/agritourism\/#breadcrumb","itemListElement":[{"@type":"ListItem","position":1,"name":"Home","item":"https:\/\/stratosvillas.com\/de\/"},{"@type":"ListItem","position":2,"name":"Useful Information","item":"https:\/\/stratosvillas.com\/de\/useful-information\/"},{"@type":"ListItem","position":3,"name":"Agritourism"}]},{"@type":"WebSite","@id":"https:\/\/stratosvillas.com\/#website","url":"https:\/\/stratosvillas.com\/","name":"Stratosvillas","description":"Rethymno villa","potentialAction":[{"@type":"SearchAction","target":{"@type":"EntryPoint","urlTemplate":"https:\/\/stratosvillas.com\/?s={search_term_string}"},"query-input":{"@type":"PropertyValueSpecification","valueRequired":true,"valueName":"search_term_string"}}],"inLanguage":"de"}]}},"_links":{"self":[{"href":"https:\/\/stratosvillas.com\/de\/wp-json\/wp\/v2\/pages\/15499","targetHints":{"allow":["GET"]}}],"collection":[{"href":"https:\/\/stratosvillas.com\/de\/wp-json\/wp\/v2\/pages"}],"about":[{"href":"https:\/\/stratosvillas.com\/de\/wp-json\/wp\/v2\/types\/page"}],"author":[{"embeddable":true,"href":"https:\/\/stratosvillas.com\/de\/wp-json\/wp\/v2\/users\/1"}],"replies":[{"embeddable":true,"href":"https:\/\/stratosvillas.com\/de\/wp-json\/wp\/v2\/comments?post=15499"}],"version-history":[{"count":0,"href":"https:\/\/stratosvillas.com\/de\/wp-json\/wp\/v2\/pages\/15499\/revisions"}],"up":[{"embeddable":true,"href":"https:\/\/stratosvillas.com\/de\/wp-json\/wp\/v2\/pages\/15495"}],"wp:attachment":[{"href":"https:\/\/stratosvillas.com\/de\/wp-json\/wp\/v2\/media?parent=15499"}],"curies":[{"name":"wp","href":"https:\/\/api.w.org\/{rel}","templated":true}]}}