{"id":15500,"date":"2018-05-03T17:17:31","date_gmt":"2018-05-03T14:17:31","guid":{"rendered":"http:\/\/www.stratosvillas.com\/?page_id=15500"},"modified":"2019-02-24T18:20:01","modified_gmt":"2019-02-24T15:20:01","slug":"history","status":"publish","type":"page","link":"https:\/\/stratosvillas.com\/de\/useful-information\/history\/","title":{"rendered":"History"},"content":{"rendered":"<div class=\"fusion-fullwidth fullwidth-box fusion-builder-row-1 nonhundred-percent-fullwidth non-hundred-percent-height-scrolling\" style=\"background-color: #ffffff;background-position: center center;background-repeat: no-repeat;padding-top:0px;padding-right:0px;padding-bottom:0px;padding-left:0px;margin-bottom: 0px;margin-top: 0px;border-width: 0px 0px 0px 0px;border-color:#eae9e9;border-style:solid;\" ><div class=\"fusion-builder-row fusion-row\"><div class=\"fusion-layout-column fusion_builder_column fusion-builder-column-0 fusion_builder_column_1_1 1_1 fusion-one-full fusion-column-first fusion-column-last\" style=\"margin-top:0px;margin-bottom:20px;\"><div class=\"fusion-column-wrapper fusion-flex-column-wrapper-legacy\" style=\"background-position:left top;background-repeat:no-repeat;-webkit-background-size:cover;-moz-background-size:cover;-o-background-size:cover;background-size:cover;padding: 0px 0px 0px 0px;\"><div class=\"fusion-text fusion-text-1\"><p>Das historische Dorf Kalonichti befindet sich 14 km s\u00fcdwestlich von der Stadt Rethymno in Kreta. Es liegt am H\u00fcgel \u201eNikiforos\u201c, auf einer H\u00f6he von 270 Metern. In der Gegend werden haupts\u00e4chlich Wein, Oliven\u00f6l, Johannisbrot und Milchprodukte erzeugt. Viele Landwirte besch\u00e4ftigen sich nat\u00fcrlich auch mit der Viehzucht.<\/p>\n<p>Der Geschichte gem\u00e4\u00df hat das Dorf seinen Namen nach dem folgenden Ereignis erhalten: als Nikiforos Fokas im M\u00e4rz 961 n.Chr. ins Feld zog, um die Insel Kreta von der Arabern zu befreien,gewann er auf dem bereits erw\u00e4hnten H\u00fcgel dieser Ortschaft eine Schlacht und \u00fcbernachtete dann dort. Am fr\u00fchen Morgen fragte ihn jemand \u201eWie haben Sie die letzte Nacht verbracht ?\u201c und Fokas antwortete: \u201eKali Nichta\u201c \u2013 was soviel hei\u00dft wie \u201eGute Nacht\u201c. So wurde das Dorf Kalonichti genannt.<\/p>\n<p>Der H\u00fcgel und die umliegende Gegend erhielten den Namen \u201eNikiforos\u201c nach dem byzantinischen General.<\/p>\n<p>Nikiforos Fokas wird als Gr\u00fcnder des Dorfes angesehen und im Dorf selbst gibt es eine Strasse, die nach ihm benannt wurde.<\/p>\n<div id=\"Content\">\n<p><img decoding=\"async\" class=\"size-medium wp-image-16183 aligncenter\" src=\"http:\/\/www.stratosvillas.com\/wp-content\/uploads\/church.jpg\" alt=\"\" width=\"300\" height=\"225\" srcset=\"https:\/\/stratosvillas.com\/wp-content\/uploads\/church-200x150.jpg 200w, https:\/\/stratosvillas.com\/wp-content\/uploads\/church-300x225.jpg 300w, https:\/\/stratosvillas.com\/wp-content\/uploads\/church-400x300.jpg 400w, https:\/\/stratosvillas.com\/wp-content\/uploads\/church-600x450.jpg 600w, https:\/\/stratosvillas.com\/wp-content\/uploads\/church-768x576.jpg 768w, https:\/\/stratosvillas.com\/wp-content\/uploads\/church-800x600.jpg 800w, https:\/\/stratosvillas.com\/wp-content\/uploads\/church-1024x768.jpg 1024w, https:\/\/stratosvillas.com\/wp-content\/uploads\/church-1200x900.jpg 1200w, https:\/\/stratosvillas.com\/wp-content\/uploads\/church.jpg 2592w\" sizes=\"(max-width: 300px) 100vw, 300px\" \/><\/p>\n<p>Eine nennenswerte Kirche, die Sie sich ansehen k\u00f6nnen, ist die Muttergottes-Kirche . Sie stammt aus der venezianischen Zeitperiode, befindet sich im Dorfzentrum und j\u00e4hrlich am 8. September wird ein traditionelles kretisches Fest gefeiert. In der Gegend \u201eMonastiriako Metochi\u201c befindet sich eine kleine, alte katholische Kapelle, die dem \u201eErzengel Michael\u201c geweiht ist. Die Kirchen des Hl. Adonis und des Hl. Nikolaos wurden auf Ruinen alter Kirchen wiedererbaut und stammen aus dem Jahr 1965. Modernere Kirchen sind die des Hl. Nektarios und des Hl. Andreas.<\/p>\n<\/div>\n<div id=\"Right\"><\/div>\n<\/div><div class=\"fusion-clearfix\"><\/div><\/div><\/div><\/div><\/div>\n","protected":false},"excerpt":{"rendered":"","protected":false},"author":1,"featured_media":0,"parent":15495,"menu_order":0,"comment_status":"closed","ping_status":"closed","template":"","meta":{"footnotes":""},"class_list":["post-15500","page","type-page","status-publish","hentry"],"yoast_head":"<!-- This site is optimized with the Yoast SEO plugin v26.4 - https:\/\/yoast.com\/wordpress\/plugins\/seo\/ -->\n<title>History - Stratosvillas<\/title>\n<meta name=\"robots\" content=\"index, follow, max-snippet:-1, max-image-preview:large, max-video-preview:-1\" \/>\n<link rel=\"canonical\" href=\"https:\/\/stratosvillas.com\/de\/useful-information\/history\/\" \/>\n<meta property=\"og:locale\" content=\"de_DE\" \/>\n<meta property=\"og:type\" content=\"article\" \/>\n<meta property=\"og:title\" content=\"History - Stratosvillas\" \/>\n<meta property=\"og:url\" content=\"https:\/\/stratosvillas.com\/de\/useful-information\/history\/\" \/>\n<meta property=\"og:site_name\" content=\"Stratosvillas\" \/>\n<meta property=\"article:modified_time\" content=\"2019-02-24T15:20:01+00:00\" \/>\n<meta property=\"og:image\" content=\"http:\/\/www.stratosvillas.com\/wp-content\/uploads\/church.jpg\" \/>\n<meta name=\"twitter:card\" content=\"summary_large_image\" \/>\n<meta name=\"twitter:label1\" content=\"Gesch\u00e4tzte Lesezeit\" \/>\n\t<meta name=\"twitter:data1\" content=\"2\u00a0Minuten\" \/>\n<script type=\"application\/ld+json\" class=\"yoast-schema-graph\">{\"@context\":\"https:\/\/schema.org\",\"@graph\":[{\"@type\":\"WebPage\",\"@id\":\"https:\/\/stratosvillas.com\/de\/useful-information\/history\/\",\"url\":\"https:\/\/stratosvillas.com\/de\/useful-information\/history\/\",\"name\":\"History - Stratosvillas\",\"isPartOf\":{\"@id\":\"https:\/\/stratosvillas.com\/#website\"},\"primaryImageOfPage\":{\"@id\":\"https:\/\/stratosvillas.com\/de\/useful-information\/history\/#primaryimage\"},\"image\":{\"@id\":\"https:\/\/stratosvillas.com\/de\/useful-information\/history\/#primaryimage\"},\"thumbnailUrl\":\"http:\/\/www.stratosvillas.com\/wp-content\/uploads\/church.jpg\",\"datePublished\":\"2018-05-03T14:17:31+00:00\",\"dateModified\":\"2019-02-24T15:20:01+00:00\",\"breadcrumb\":{\"@id\":\"https:\/\/stratosvillas.com\/de\/useful-information\/history\/#breadcrumb\"},\"inLanguage\":\"de\",\"potentialAction\":[{\"@type\":\"ReadAction\",\"target\":[\"https:\/\/stratosvillas.com\/de\/useful-information\/history\/\"]}]},{\"@type\":\"ImageObject\",\"inLanguage\":\"de\",\"@id\":\"https:\/\/stratosvillas.com\/de\/useful-information\/history\/#primaryimage\",\"url\":\"http:\/\/www.stratosvillas.com\/wp-content\/uploads\/church.jpg\",\"contentUrl\":\"http:\/\/www.stratosvillas.com\/wp-content\/uploads\/church.jpg\"},{\"@type\":\"BreadcrumbList\",\"@id\":\"https:\/\/stratosvillas.com\/de\/useful-information\/history\/#breadcrumb\",\"itemListElement\":[{\"@type\":\"ListItem\",\"position\":1,\"name\":\"Home\",\"item\":\"https:\/\/stratosvillas.com\/de\/\"},{\"@type\":\"ListItem\",\"position\":2,\"name\":\"Useful Information\",\"item\":\"https:\/\/stratosvillas.com\/de\/useful-information\/\"},{\"@type\":\"ListItem\",\"position\":3,\"name\":\"History\"}]},{\"@type\":\"WebSite\",\"@id\":\"https:\/\/stratosvillas.com\/#website\",\"url\":\"https:\/\/stratosvillas.com\/\",\"name\":\"Stratosvillas\",\"description\":\"Rethymno villa\",\"potentialAction\":[{\"@type\":\"SearchAction\",\"target\":{\"@type\":\"EntryPoint\",\"urlTemplate\":\"https:\/\/stratosvillas.com\/?s={search_term_string}\"},\"query-input\":{\"@type\":\"PropertyValueSpecification\",\"valueRequired\":true,\"valueName\":\"search_term_string\"}}],\"inLanguage\":\"de\"}]}<\/script>\n<!-- \/ Yoast SEO plugin. -->","yoast_head_json":{"title":"History - Stratosvillas","robots":{"index":"index","follow":"follow","max-snippet":"max-snippet:-1","max-image-preview":"max-image-preview:large","max-video-preview":"max-video-preview:-1"},"canonical":"https:\/\/stratosvillas.com\/de\/useful-information\/history\/","og_locale":"de_DE","og_type":"article","og_title":"History - Stratosvillas","og_url":"https:\/\/stratosvillas.com\/de\/useful-information\/history\/","og_site_name":"Stratosvillas","article_modified_time":"2019-02-24T15:20:01+00:00","og_image":[{"url":"http:\/\/www.stratosvillas.com\/wp-content\/uploads\/church.jpg","type":"","width":"","height":""}],"twitter_card":"summary_large_image","twitter_misc":{"Gesch\u00e4tzte Lesezeit":"2\u00a0Minuten"},"schema":{"@context":"https:\/\/schema.org","@graph":[{"@type":"WebPage","@id":"https:\/\/stratosvillas.com\/de\/useful-information\/history\/","url":"https:\/\/stratosvillas.com\/de\/useful-information\/history\/","name":"History - Stratosvillas","isPartOf":{"@id":"https:\/\/stratosvillas.com\/#website"},"primaryImageOfPage":{"@id":"https:\/\/stratosvillas.com\/de\/useful-information\/history\/#primaryimage"},"image":{"@id":"https:\/\/stratosvillas.com\/de\/useful-information\/history\/#primaryimage"},"thumbnailUrl":"http:\/\/www.stratosvillas.com\/wp-content\/uploads\/church.jpg","datePublished":"2018-05-03T14:17:31+00:00","dateModified":"2019-02-24T15:20:01+00:00","breadcrumb":{"@id":"https:\/\/stratosvillas.com\/de\/useful-information\/history\/#breadcrumb"},"inLanguage":"de","potentialAction":[{"@type":"ReadAction","target":["https:\/\/stratosvillas.com\/de\/useful-information\/history\/"]}]},{"@type":"ImageObject","inLanguage":"de","@id":"https:\/\/stratosvillas.com\/de\/useful-information\/history\/#primaryimage","url":"http:\/\/www.stratosvillas.com\/wp-content\/uploads\/church.jpg","contentUrl":"http:\/\/www.stratosvillas.com\/wp-content\/uploads\/church.jpg"},{"@type":"BreadcrumbList","@id":"https:\/\/stratosvillas.com\/de\/useful-information\/history\/#breadcrumb","itemListElement":[{"@type":"ListItem","position":1,"name":"Home","item":"https:\/\/stratosvillas.com\/de\/"},{"@type":"ListItem","position":2,"name":"Useful Information","item":"https:\/\/stratosvillas.com\/de\/useful-information\/"},{"@type":"ListItem","position":3,"name":"History"}]},{"@type":"WebSite","@id":"https:\/\/stratosvillas.com\/#website","url":"https:\/\/stratosvillas.com\/","name":"Stratosvillas","description":"Rethymno villa","potentialAction":[{"@type":"SearchAction","target":{"@type":"EntryPoint","urlTemplate":"https:\/\/stratosvillas.com\/?s={search_term_string}"},"query-input":{"@type":"PropertyValueSpecification","valueRequired":true,"valueName":"search_term_string"}}],"inLanguage":"de"}]}},"_links":{"self":[{"href":"https:\/\/stratosvillas.com\/de\/wp-json\/wp\/v2\/pages\/15500","targetHints":{"allow":["GET"]}}],"collection":[{"href":"https:\/\/stratosvillas.com\/de\/wp-json\/wp\/v2\/pages"}],"about":[{"href":"https:\/\/stratosvillas.com\/de\/wp-json\/wp\/v2\/types\/page"}],"author":[{"embeddable":true,"href":"https:\/\/stratosvillas.com\/de\/wp-json\/wp\/v2\/users\/1"}],"replies":[{"embeddable":true,"href":"https:\/\/stratosvillas.com\/de\/wp-json\/wp\/v2\/comments?post=15500"}],"version-history":[{"count":0,"href":"https:\/\/stratosvillas.com\/de\/wp-json\/wp\/v2\/pages\/15500\/revisions"}],"up":[{"embeddable":true,"href":"https:\/\/stratosvillas.com\/de\/wp-json\/wp\/v2\/pages\/15495"}],"wp:attachment":[{"href":"https:\/\/stratosvillas.com\/de\/wp-json\/wp\/v2\/media?parent=15500"}],"curies":[{"name":"wp","href":"https:\/\/api.w.org\/{rel}","templated":true}]}}