{"id":16026,"date":"2018-05-19T18:14:55","date_gmt":"2018-05-19T15:14:55","guid":{"rendered":"http:\/\/www.stratosvillas.com\/?page_id=16026"},"modified":"2019-02-24T18:01:49","modified_gmt":"2019-02-24T15:01:49","slug":"stratos-villas-general-description","status":"publish","type":"page","link":"https:\/\/stratosvillas.com\/de\/stratos-villas-general-description\/","title":{"rendered":"Stratos villas general description"},"content":{"rendered":"<p><div class=\"fusion-fullwidth fullwidth-box fusion-builder-row-1 nonhundred-percent-fullwidth non-hundred-percent-height-scrolling\" style=\"background-color: #ffffff;background-position: left top;background-repeat: no-repeat;padding-top:0px;padding-right:0px;padding-bottom:95px;padding-left:0px;margin-bottom: 0px;margin-top: 0px;border-width: 0px 0px 0px 0px;border-color:#eae9e9;border-style:solid;\" ><div class=\"fusion-builder-row fusion-row\"><div class=\"fusion-layout-column fusion_builder_column fusion-builder-column-0 fusion_builder_column_3_5 3_5 fusion-three-fifth fusion-column-first\" style=\"width:58.4%; margin-right: 4%;margin-top:0px;margin-bottom:20px;\"><div class=\"fusion-column-wrapper fusion-flex-column-wrapper-legacy\" style=\"background-position:right bottom;background-repeat:no-repeat;-webkit-background-size:cover;-moz-background-size:cover;-o-background-size:cover;background-size:cover;padding: 0px 0px 0px 0px;\"><div class=\"fusion-text fusion-text-1\"><p style=\"letter-spacing: 4px; font-size: 13px; margin-bottom: 0px;\">STRATOS VILLAS BESCHREIBUNG<\/p>\n<h1><span class=\"tlid-translation translation\"><span class=\"\" title=\"\">Willkommen in Stratos Villas, in KALONIKTIS, Rethymno, Kreta !!!<\/span><\/span><\/h1>\n<\/div><div class=\"fusion-sep-clear\"><\/div><div class=\"fusion-separator fusion-clearfix\" style=\"float:left;margin-top:0px;margin-bottom:20px;width:100%;max-width:50px;\"><div class=\"fusion-separator-border sep-single sep-solid\" style=\"border-color:#cbaa5c;border-top-width:1px;\"><\/div><\/div><div class=\"fusion-sep-clear\"><\/div><div class=\"fusion-text fusion-text-2\"><p>Der Komplex der Ferienvillen Stratos wurde mit viel Liebe von Stratos selbst gebaut und besteht aus 3 separaten, luxuri\u00f6sen und traditionellen Villen, die zum Vermieten angeboten werden. Die Villa Stratos, die Villa Fouli und die Villa Maria.<\/p>\n<p>Von den Stratos Villen sieht man zu den gegen\u00fcber liegenden H\u00fcgeln \u2013 eine gro\u00dfartige, mit Steinen und Felsen bes\u00e4te Landschaft. Hier gibt es B\u00e4ume, B\u00fcsche und Kr\u00e4uter sowie verschiedene Vogelarten, Fr\u00f6sche, Schildkr\u00f6ten und Krebse, alles in einer Entfernung von nur 100 Metern von den Villen. Es ist wirklich ein einzigartiger Ort inmitten unverdorbener Natur, wo Sie sich so richtig ausruhen und entspannen k\u00f6nnen. Ein Platz zum Wohlf\u00fchlen.<\/p>\n<p>Die traditionellen Wohnungen &#8220;Stratos Villen&#8221; befinden sich in einer wundersch\u00f6nen, gr\u00fcnen und nat\u00fcrlichen Umgebung, mit einem herrlichen Ausblick auf die gegen\u00fcber liegenden H\u00fcgel und auf einen kleinen Bach. Die Villen befinden sich in der Pr\u00e4fektur Nikiforos Fokas, 1 km vor dem historischen Dorf Kalonichti und 12 km von der Stadt Rethymno entfernt.<\/p>\n<p>Die Villen Stratos, Fouli und Maria im traditionellen Stratos Komplex sind die einzigen Geb\u00e4ude auf der \u00f6stlichen Seite des gr\u00fcnen H\u00fcgels, wo sich das Dorf Kalonichti, im Bezirk Rethymno, befindet.<\/p>\n<p>Den G\u00e4sten bieten sich hier unvergessliche Erlebnisse. Sie k\u00f6nnen dem Singen der V\u00f6gel zuh\u00f6ren, sich ausruhen, dem Stress des Alltagslebens entkommen, im Pool schwimmen und im Winter die W\u00e4rme des herrlichen Kamins genie\u00dfen. Zu empfehlen sind auch die leckeren Gerichte aus Evas traditionell kretischer K\u00fcche.<\/p>\n<p>Die G\u00e4ste haben auch die M\u00f6glichkeit, spazieren zu gehen oder auf den nahe gelegenen Pfaden Fahrrad zu fahren und auf einem Ausflug die Flora und Fauna der Gegend kennenzulernen. Gerne k\u00f6nnen Sie auch an verschiedenen Aktivit\u00e4ten teilnehmen, die am Bauernhof angeboten werden. Dazu geh\u00f6ren: Weinlese, Weinherstellung, Herstellung von Tsikoudia \/ Raki, Olivenernte, das Sammeln von Pflanzen und Kr\u00e4utern, die Herstellung von Oliven\u00f6l und die Besichtigung einer K\u00e4serei in der Umgebung.<\/p>\n<p>Der Geb\u00e4udekomplex Stratos Villas kann insgesamt bis zu 21 Personen beherbergen. Die Villen stehen das ganze Jahr \u00fcber offen und bieten zu jeder Jahreszeit etwas ganz Besonderes.<\/p>\n<p>Eva, Stratos, Fouli und Maria sind jederzeit bereit, Sie mit der typisch kretischen Gastfreundschaft bekannt zu machen und Ihnen Ihre Ferien so erholsam und unvergesslich wie m\u00f6glich zu gestalten.<\/p>\n<\/div><div class=\"fusion-clearfix\"><\/div><\/div><\/div><div class=\"fusion-layout-column fusion_builder_column fusion-builder-column-1 fusion_builder_column_2_5 2_5 fusion-two-fifth fusion-column-last\" style=\"width:37.6%;margin-top:0px;margin-bottom:20px;\"><div class=\"fusion-column-wrapper fusion-flex-column-wrapper-legacy\" style=\"background-position:right bottom;background-repeat:no-repeat;-webkit-background-size:cover;-moz-background-size:cover;-o-background-size:cover;background-size:cover;background-color:#f4f6f8;border:1px solid #ebeef1;padding: 45px 45px 45px 45px;\"><div class=\"fusion-text fusion-text-3\"><p style=\"letter-spacing: 4px; font-size: 13px; margin-bottom: 0px; text-align: center;\">ONLINE BOOKING STRATOS VILLAS<\/p>\n<h1 style=\"text-align: center;\">BOOK NOW<\/h1>\n<p><script type=\"text\/javascript\" src=\"https:\/\/www.booking.com\/general.html?tmpl=bookit;aid=330843;lang=en;hotel_id=352716;cc1=gr;hotel_page=stratos-villas-rethymno\"><\/script><\/p>\n<\/div><div class=\"fusion-sep-clear\"><\/div><div class=\"fusion-separator fusion-full-width-sep\" style=\"margin-left: auto;margin-right: auto;margin-top:0px;margin-bottom:30px;width:100%;\"><div class=\"fusion-separator-border sep-single sep-solid\" style=\"border-color:#cbaa5c;border-top-width:1px;\"><\/div><\/div><div class=\"fusion-sep-clear\"><\/div><div class=\"fusion-sep-clear\"><\/div><div class=\"fusion-separator fusion-full-width-sep\" style=\"margin-left: auto;margin-right: auto;margin-top:-20px;width:100%;\"><\/div><div class=\"fusion-sep-clear\"><\/div><div class=\"fusion-widget-area fusion-widget-area-1 fusion-content-widget-area\"><style type=\"text\/css\">.fusion-widget-area-1 {padding:0px 0px 0px 0px;}.fusion-widget-area-1 .widget h4 {color:#333333;}.fusion-widget-area-1 .widget .heading h4 {color:#333333;}<\/style><div id=\"custom_html-4\" class=\"widget_text widget widget_custom_html\"><div class=\"textwidget custom-html-widget\"><\/div><\/div><div class=\"fusion-additional-widget-content\"><\/div><\/div><div class=\"fusion-clearfix\"><\/div><\/div><\/div><\/div><\/div><div class=\"fusion-fullwidth fullwidth-box fusion-builder-row-2 nonhundred-percent-fullwidth non-hundred-percent-height-scrolling\" style=\"background-color: #ffffff;background-position: left top;background-repeat: no-repeat;padding-top:110px;padding-right:0px;padding-bottom:40px;padding-left:0px;margin-bottom: 0px;margin-top: 0px;border-width: 0px 0px 0px 0px;border-color:#eae9e9;border-style:solid;\" ><div class=\"fusion-builder-row fusion-row\"><div class=\"fusion-layout-column fusion_builder_column fusion-builder-column-2 fusion_builder_column_1_1 1_1 fusion-one-full fusion-column-first fusion-column-last fusion-column-no-min-height\" style=\"margin-top:0px;margin-bottom:0px;\"><div class=\"fusion-column-wrapper fusion-flex-column-wrapper-legacy\" style=\"background-position:left top;background-repeat:no-repeat;-webkit-background-size:cover;-moz-background-size:cover;-o-background-size:cover;background-size:cover;padding: 0px 0px 0px 0px;\"><style type='text\/css'>.reading-box-container-1 .element-bottomshadow:before,.reading-box-container-1 .element-bottomshadow:after{opacity:0.5;}<\/style><div class=\"fusion-reading-box-container reading-box-container-1\" style=\"margin-top:0px;margin-bottom:84px;\"><div class=\"reading-box reading-box-center\" style=\"background-color:#ffffff;border-width:1px;border-color:#ebeef1;border-top-width:3px;border-top-color:var(--primary_color);border-style:solid;\"><h2><strong><em>Kontaktieren Sie uns, Senden Sie uns Ihre Buchungsanfrage und Erhalten Sie ein spezielles ANGEBOT!<\/em><\/strong> <\/h2><div class=\"reading-box-description fusion-reading-box-additional\">Wir antworten Ihnen innerhalb der n\u00e4chsten 1-24 Stunden!<\/div><div class=\"fusion-clearfix\"><\/div><a class=\"button fusion-button button-default fusion-button-large button-large button-flat fusion-mobile-button continue-center\" style=\"-webkit-box-shadow:none;-moz-box-shadow:none;box-shadow:none;border-radius:0px;\" href=\"https:\/\/stratosvillas.com\/de\/contact\/\" target=\"_self\"><span>KONTAKTIEREN SIE UNS<\/span><\/a><\/div><\/div><div class=\"fusion-clearfix\"><\/div><\/div><\/div><\/div><\/div><\/p>\n","protected":false},"excerpt":{"rendered":"","protected":false},"author":1,"featured_media":0,"parent":0,"menu_order":0,"comment_status":"closed","ping_status":"closed","template":"","meta":{"footnotes":""},"class_list":["post-16026","page","type-page","status-publish","hentry"],"yoast_head":"<!-- This site is optimized with the Yoast SEO plugin v26.4 - https:\/\/yoast.com\/wordpress\/plugins\/seo\/ -->\n<title>Stratos villas general description - Stratosvillas<\/title>\n<meta name=\"robots\" content=\"index, follow, max-snippet:-1, max-image-preview:large, max-video-preview:-1\" \/>\n<link rel=\"canonical\" href=\"https:\/\/stratosvillas.com\/de\/stratos-villas-general-description\/\" \/>\n<meta property=\"og:locale\" content=\"de_DE\" \/>\n<meta property=\"og:type\" content=\"article\" \/>\n<meta property=\"og:title\" content=\"Stratos villas general description - Stratosvillas\" \/>\n<meta property=\"og:url\" content=\"https:\/\/stratosvillas.com\/de\/stratos-villas-general-description\/\" \/>\n<meta property=\"og:site_name\" content=\"Stratosvillas\" \/>\n<meta property=\"article:modified_time\" content=\"2019-02-24T15:01:49+00:00\" \/>\n<meta name=\"twitter:card\" content=\"summary_large_image\" \/>\n<meta name=\"twitter:label1\" content=\"Gesch\u00e4tzte Lesezeit\" \/>\n\t<meta name=\"twitter:data1\" content=\"5\u00a0Minuten\" \/>\n<script type=\"application\/ld+json\" class=\"yoast-schema-graph\">{\"@context\":\"https:\/\/schema.org\",\"@graph\":[{\"@type\":\"WebPage\",\"@id\":\"https:\/\/stratosvillas.com\/de\/stratos-villas-general-description\/\",\"url\":\"https:\/\/stratosvillas.com\/de\/stratos-villas-general-description\/\",\"name\":\"Stratos villas general description - Stratosvillas\",\"isPartOf\":{\"@id\":\"https:\/\/stratosvillas.com\/#website\"},\"datePublished\":\"2018-05-19T15:14:55+00:00\",\"dateModified\":\"2019-02-24T15:01:49+00:00\",\"breadcrumb\":{\"@id\":\"https:\/\/stratosvillas.com\/de\/stratos-villas-general-description\/#breadcrumb\"},\"inLanguage\":\"de\",\"potentialAction\":[{\"@type\":\"ReadAction\",\"target\":[\"https:\/\/stratosvillas.com\/de\/stratos-villas-general-description\/\"]}]},{\"@type\":\"BreadcrumbList\",\"@id\":\"https:\/\/stratosvillas.com\/de\/stratos-villas-general-description\/#breadcrumb\",\"itemListElement\":[{\"@type\":\"ListItem\",\"position\":1,\"name\":\"Home\",\"item\":\"https:\/\/stratosvillas.com\/de\/\"},{\"@type\":\"ListItem\",\"position\":2,\"name\":\"Stratos villas general description\"}]},{\"@type\":\"WebSite\",\"@id\":\"https:\/\/stratosvillas.com\/#website\",\"url\":\"https:\/\/stratosvillas.com\/\",\"name\":\"Stratosvillas\",\"description\":\"Rethymno villa\",\"potentialAction\":[{\"@type\":\"SearchAction\",\"target\":{\"@type\":\"EntryPoint\",\"urlTemplate\":\"https:\/\/stratosvillas.com\/?s={search_term_string}\"},\"query-input\":{\"@type\":\"PropertyValueSpecification\",\"valueRequired\":true,\"valueName\":\"search_term_string\"}}],\"inLanguage\":\"de\"}]}<\/script>\n<!-- \/ Yoast SEO plugin. -->","yoast_head_json":{"title":"Stratos villas general description - Stratosvillas","robots":{"index":"index","follow":"follow","max-snippet":"max-snippet:-1","max-image-preview":"max-image-preview:large","max-video-preview":"max-video-preview:-1"},"canonical":"https:\/\/stratosvillas.com\/de\/stratos-villas-general-description\/","og_locale":"de_DE","og_type":"article","og_title":"Stratos villas general description - Stratosvillas","og_url":"https:\/\/stratosvillas.com\/de\/stratos-villas-general-description\/","og_site_name":"Stratosvillas","article_modified_time":"2019-02-24T15:01:49+00:00","twitter_card":"summary_large_image","twitter_misc":{"Gesch\u00e4tzte Lesezeit":"5\u00a0Minuten"},"schema":{"@context":"https:\/\/schema.org","@graph":[{"@type":"WebPage","@id":"https:\/\/stratosvillas.com\/de\/stratos-villas-general-description\/","url":"https:\/\/stratosvillas.com\/de\/stratos-villas-general-description\/","name":"Stratos villas general description - Stratosvillas","isPartOf":{"@id":"https:\/\/stratosvillas.com\/#website"},"datePublished":"2018-05-19T15:14:55+00:00","dateModified":"2019-02-24T15:01:49+00:00","breadcrumb":{"@id":"https:\/\/stratosvillas.com\/de\/stratos-villas-general-description\/#breadcrumb"},"inLanguage":"de","potentialAction":[{"@type":"ReadAction","target":["https:\/\/stratosvillas.com\/de\/stratos-villas-general-description\/"]}]},{"@type":"BreadcrumbList","@id":"https:\/\/stratosvillas.com\/de\/stratos-villas-general-description\/#breadcrumb","itemListElement":[{"@type":"ListItem","position":1,"name":"Home","item":"https:\/\/stratosvillas.com\/de\/"},{"@type":"ListItem","position":2,"name":"Stratos villas general description"}]},{"@type":"WebSite","@id":"https:\/\/stratosvillas.com\/#website","url":"https:\/\/stratosvillas.com\/","name":"Stratosvillas","description":"Rethymno villa","potentialAction":[{"@type":"SearchAction","target":{"@type":"EntryPoint","urlTemplate":"https:\/\/stratosvillas.com\/?s={search_term_string}"},"query-input":{"@type":"PropertyValueSpecification","valueRequired":true,"valueName":"search_term_string"}}],"inLanguage":"de"}]}},"_links":{"self":[{"href":"https:\/\/stratosvillas.com\/de\/wp-json\/wp\/v2\/pages\/16026","targetHints":{"allow":["GET"]}}],"collection":[{"href":"https:\/\/stratosvillas.com\/de\/wp-json\/wp\/v2\/pages"}],"about":[{"href":"https:\/\/stratosvillas.com\/de\/wp-json\/wp\/v2\/types\/page"}],"author":[{"embeddable":true,"href":"https:\/\/stratosvillas.com\/de\/wp-json\/wp\/v2\/users\/1"}],"replies":[{"embeddable":true,"href":"https:\/\/stratosvillas.com\/de\/wp-json\/wp\/v2\/comments?post=16026"}],"version-history":[{"count":0,"href":"https:\/\/stratosvillas.com\/de\/wp-json\/wp\/v2\/pages\/16026\/revisions"}],"wp:attachment":[{"href":"https:\/\/stratosvillas.com\/de\/wp-json\/wp\/v2\/media?parent=16026"}],"curies":[{"name":"wp","href":"https:\/\/api.w.org\/{rel}","templated":true}]}}