{"id":15563,"date":"2018-05-03T18:28:15","date_gmt":"2018-05-03T15:28:15","guid":{"rendered":"http:\/\/www.stratosvillas.com\/?page_id=15563"},"modified":"2018-05-16T19:46:29","modified_gmt":"2018-05-16T16:46:29","slug":"terms-and-conditions","status":"publish","type":"page","link":"https:\/\/stratosvillas.com\/fr\/useful-information\/terms-and-conditions\/","title":{"rendered":"Terms and conditions"},"content":{"rendered":"<div class=\"fusion-fullwidth fullwidth-box fusion-builder-row-1 nonhundred-percent-fullwidth non-hundred-percent-height-scrolling\" style=\"background-color: #ffffff;background-position: center center;background-repeat: no-repeat;padding-top:0px;padding-right:0px;padding-bottom:0px;padding-left:0px;margin-bottom: 0px;margin-top: 0px;border-width: 0px 0px 0px 0px;border-color:#eae9e9;border-style:solid;\" ><div class=\"fusion-builder-row fusion-row\"><div class=\"fusion-layout-column fusion_builder_column fusion-builder-column-0 fusion_builder_column_1_1 1_1 fusion-one-full fusion-column-first fusion-column-last\" style=\"margin-top:0px;margin-bottom:20px;\"><div class=\"fusion-column-wrapper fusion-flex-column-wrapper-legacy\" style=\"background-position:left top;background-repeat:no-repeat;-webkit-background-size:cover;-moz-background-size:cover;-o-background-size:cover;background-size:cover;padding: 0px 0px 0px 0px;\"><div class=\"fusion-text fusion-text-1\"><h1><strong>Politique de R\u00e9servation<\/strong><\/h1>\n<h2><strong>Conditions g\u00e9n\u00e9rales de r\u00e9servation. Tout ce que vous devez savoir.<\/strong><\/h2>\n<p>S&#8217;il vous pla\u00eet lire attentivement les termes et conditions de paiement et d&#8217;annulation afin d&#8217;\u00e9viter d&#8217;\u00e9ventuels malentendus.<\/p>\n<p><strong>PRIX: <\/strong><\/p>\n<p>Villa r\u00e9serves sont r\u00e9mun\u00e9r\u00e9s sur la base des prix qui sont remis le jour de la r\u00e9servation.<br \/>\nLes prix sont indiqu\u00e9s en euros et comprennent toutes les taxes l\u00e9gales.<br \/>\nAu cours de la saison si les taxes changer ou il ya une promotion sp\u00e9ciale, les prix peuvent \u00e9galement changer.<\/p>\n<p><strong>R\u00e9servation et paiement: <\/strong><\/p>\n<p><strong><u>Confirmation de la r\u00e9servation<br \/>\n<\/u><\/strong>Afin de confirmer votre r\u00e9servation, vous devez payer une partie <u>part <\/u>(d\u00e9p\u00f4t = 30% &#8211; 50%) ou le <u>full <\/u>montant total du co\u00fbt.<\/p>\n<p><strong>Confirmation de votre demande<\/strong><\/p>\n<p>Apr\u00e8s r\u00e9ception de votre d\u00e9p\u00f4t, vous recevrez la confirmation de votre r\u00e9servation ainsi que la confirmation du montant de votre d\u00e9p\u00f4t par e-mail.<\/p>\n<p>Votre r\u00e9servation est annul\u00e9e, si nous ne recevons pas le paiement proportionnel (avance) en votre nom \u00e0 l&#8217;int\u00e9rieur de 48 heures (2 jours en semaine).<\/p>\n<p>Pour les r\u00e9servations <u>jusqu&#8217;\u00e0 30 jours <\/u>avant le r\u00e8glement complet de la date d&#8217;arriv\u00e9e doit \u00eatre envoy\u00e9 imm\u00e9diatement.<\/p>\n<p><u>Le r\u00e8glement <\/u>doit \u00eatre effectu\u00e9 au plus tard 60 jours avant la date de votre arriv\u00e9e.<br \/>\nAvec le r\u00e8glement complet, vous recevrez par e-mail le voucher avec les dates de votre s\u00e9jour et les d\u00e9tails exacts de votre h\u00e9bergement.<\/p>\n<p>Votre s\u00e9jour comprend tous les services mentionn\u00e9s sur le pr\u00e9sent volet. Des services additionnels sont directement vers\u00e9e \u00e0 l&#8217;\u00e9tablissement.<br \/>\nCe coupon doit \u00eatre imprim\u00e9 et pr\u00e9sent\u00e9 \u00e0 votre arriv\u00e9e.<\/p>\n<p>La r\u00e9ception du paiement sera donn\u00e9e de vous le jour de votre arriv\u00e9e.<\/p>\n<p><strong>CONDITIONS DE PAIEMENT:<\/strong><\/p>\n<p>&#8211; <strong><u>Cartes de cr\u00e9dit<\/u><\/strong><br \/>\nVISA et MASTERCARD sont accept\u00e9s. Paiement s\u00e9curis\u00e9.<\/p>\n<p>Les frais bancaires sont pay\u00e9s par le donneur d&#8217;ordre.<\/p>\n<p>&#8211; <strong><u>Virement bancaire<\/u><\/strong><u><br \/>\n<\/u>Si votre r\u00e9servation est pay\u00e9 par une banque, veuillez nous envoyer le re\u00e7u du d\u00e9p\u00f4t par<br \/>\nfax: 0030 2831026956<\/p>\n<p>Les frais bancaires sont pay\u00e9s par le donneur d&#8217;ordre.<\/p>\n<p>&#8211; <strong><u>PAYPAL<\/u><\/strong><\/p>\n<p>Les frais bancaires sont pay\u00e9s par le donneur d&#8217;ordre.<\/p>\n<p>&#8211; <strong><u>Les ch\u00e8ques personnels ne sont pas accept\u00e9s.<\/u><\/strong><\/p>\n<p><strong>CONDITIONS D&#8217;ANNULATION:<\/strong><\/p>\n<table width=\"95%\">\n<tbody>\n<tr>\n<td width=\"213\">Annulation plus de 60 jours avant la date d&#8217;arriv\u00e9e:<\/td>\n<td width=\"213\">Remboursement de 25% du co\u00fbt total<\/td>\n<\/tr>\n<tr>\n<td width=\"213\">Annulation de 60 \u00e0 45 jours avant la date d&#8217;arriv\u00e9e:<\/td>\n<td width=\"213\">Remboursement de 20% du co\u00fbt total<\/td>\n<\/tr>\n<tr>\n<td width=\"213\">Annulation de 45 \u00e0 30 jours avant la date d&#8217;arriv\u00e9e:<\/td>\n<td width=\"213\">Remboursement de 10% du co\u00fbt total<\/td>\n<\/tr>\n<tr>\n<td width=\"213\">Annulation de 29 \u00e0 1 jours avant la date d&#8217;arriv\u00e9e:<\/td>\n<td width=\"213\"><strong>Aucun remboursement<\/strong><\/td>\n<\/tr>\n<tr>\n<td width=\"213\">Si le client n&#8217;appara\u00eet pas dans le logement de la date d&#8217;arriv\u00e9e:<\/td>\n<td width=\"213\"><strong>Aucun remboursement <\/strong><\/td>\n<\/tr>\n<tr>\n<td width=\"213\">Si le client se d\u00e9siste de la r\u00e9sidence avant la date de d\u00e9part:<\/td>\n<td width=\"213\"><strong>Aucun remboursement<\/strong><\/td>\n<\/tr>\n<\/tbody>\n<\/table>\n<p><strong>Chauffage est inclus dans le prix.<\/strong><br \/>\n<strong>Climatisation est gratuit<\/strong><\/p>\n<p>Si vous souhaitez des informations sur votre r\u00e9servation ou de paiement, vous pouvez nous contacter par e-mail:<a href=\"https:\/\/stratosvillas.com\/el\/contact.php\"> eva@stratosvillas.com <\/a><\/p>\n<\/div><div class=\"fusion-clearfix\"><\/div><\/div><\/div><\/div><\/div>\n","protected":false},"excerpt":{"rendered":"","protected":false},"author":1,"featured_media":0,"parent":15561,"menu_order":0,"comment_status":"closed","ping_status":"closed","template":"","meta":{"footnotes":""},"class_list":["post-15563","page","type-page","status-publish","hentry"],"yoast_head":"<!-- This site is optimized with the Yoast SEO plugin v26.4 - https:\/\/yoast.com\/wordpress\/plugins\/seo\/ -->\n<title>Terms and conditions - Stratosvillas<\/title>\n<meta name=\"robots\" content=\"index, follow, max-snippet:-1, max-image-preview:large, max-video-preview:-1\" \/>\n<link rel=\"canonical\" href=\"https:\/\/stratosvillas.com\/fr\/useful-information\/terms-and-conditions\/\" \/>\n<meta property=\"og:locale\" content=\"fr_FR\" \/>\n<meta property=\"og:type\" content=\"article\" \/>\n<meta property=\"og:title\" content=\"Terms and conditions - Stratosvillas\" \/>\n<meta property=\"og:url\" content=\"https:\/\/stratosvillas.com\/fr\/useful-information\/terms-and-conditions\/\" \/>\n<meta property=\"og:site_name\" content=\"Stratosvillas\" \/>\n<meta property=\"article:modified_time\" content=\"2018-05-16T16:46:29+00:00\" \/>\n<meta name=\"twitter:card\" content=\"summary_large_image\" \/>\n<meta name=\"twitter:label1\" content=\"Dur\u00e9e de lecture estim\u00e9e\" \/>\n\t<meta name=\"twitter:data1\" content=\"3 minutes\" \/>\n<script type=\"application\/ld+json\" class=\"yoast-schema-graph\">{\"@context\":\"https:\/\/schema.org\",\"@graph\":[{\"@type\":\"WebPage\",\"@id\":\"https:\/\/stratosvillas.com\/fr\/useful-information\/terms-and-conditions\/\",\"url\":\"https:\/\/stratosvillas.com\/fr\/useful-information\/terms-and-conditions\/\",\"name\":\"Terms and conditions - Stratosvillas\",\"isPartOf\":{\"@id\":\"https:\/\/stratosvillas.com\/#website\"},\"datePublished\":\"2018-05-03T15:28:15+00:00\",\"dateModified\":\"2018-05-16T16:46:29+00:00\",\"breadcrumb\":{\"@id\":\"https:\/\/stratosvillas.com\/fr\/useful-information\/terms-and-conditions\/#breadcrumb\"},\"inLanguage\":\"fr-FR\",\"potentialAction\":[{\"@type\":\"ReadAction\",\"target\":[\"https:\/\/stratosvillas.com\/fr\/useful-information\/terms-and-conditions\/\"]}]},{\"@type\":\"BreadcrumbList\",\"@id\":\"https:\/\/stratosvillas.com\/fr\/useful-information\/terms-and-conditions\/#breadcrumb\",\"itemListElement\":[{\"@type\":\"ListItem\",\"position\":1,\"name\":\"Home\",\"item\":\"https:\/\/stratosvillas.com\/fr\/\"},{\"@type\":\"ListItem\",\"position\":2,\"name\":\"Useful Information\",\"item\":\"https:\/\/stratosvillas.com\/fr\/useful-information\/\"},{\"@type\":\"ListItem\",\"position\":3,\"name\":\"Terms and conditions\"}]},{\"@type\":\"WebSite\",\"@id\":\"https:\/\/stratosvillas.com\/#website\",\"url\":\"https:\/\/stratosvillas.com\/\",\"name\":\"Stratosvillas\",\"description\":\"Rethymno villa\",\"potentialAction\":[{\"@type\":\"SearchAction\",\"target\":{\"@type\":\"EntryPoint\",\"urlTemplate\":\"https:\/\/stratosvillas.com\/?s={search_term_string}\"},\"query-input\":{\"@type\":\"PropertyValueSpecification\",\"valueRequired\":true,\"valueName\":\"search_term_string\"}}],\"inLanguage\":\"fr-FR\"}]}<\/script>\n<!-- \/ Yoast SEO plugin. -->","yoast_head_json":{"title":"Terms and conditions - Stratosvillas","robots":{"index":"index","follow":"follow","max-snippet":"max-snippet:-1","max-image-preview":"max-image-preview:large","max-video-preview":"max-video-preview:-1"},"canonical":"https:\/\/stratosvillas.com\/fr\/useful-information\/terms-and-conditions\/","og_locale":"fr_FR","og_type":"article","og_title":"Terms and conditions - Stratosvillas","og_url":"https:\/\/stratosvillas.com\/fr\/useful-information\/terms-and-conditions\/","og_site_name":"Stratosvillas","article_modified_time":"2018-05-16T16:46:29+00:00","twitter_card":"summary_large_image","twitter_misc":{"Dur\u00e9e de lecture estim\u00e9e":"3 minutes"},"schema":{"@context":"https:\/\/schema.org","@graph":[{"@type":"WebPage","@id":"https:\/\/stratosvillas.com\/fr\/useful-information\/terms-and-conditions\/","url":"https:\/\/stratosvillas.com\/fr\/useful-information\/terms-and-conditions\/","name":"Terms and conditions - Stratosvillas","isPartOf":{"@id":"https:\/\/stratosvillas.com\/#website"},"datePublished":"2018-05-03T15:28:15+00:00","dateModified":"2018-05-16T16:46:29+00:00","breadcrumb":{"@id":"https:\/\/stratosvillas.com\/fr\/useful-information\/terms-and-conditions\/#breadcrumb"},"inLanguage":"fr-FR","potentialAction":[{"@type":"ReadAction","target":["https:\/\/stratosvillas.com\/fr\/useful-information\/terms-and-conditions\/"]}]},{"@type":"BreadcrumbList","@id":"https:\/\/stratosvillas.com\/fr\/useful-information\/terms-and-conditions\/#breadcrumb","itemListElement":[{"@type":"ListItem","position":1,"name":"Home","item":"https:\/\/stratosvillas.com\/fr\/"},{"@type":"ListItem","position":2,"name":"Useful Information","item":"https:\/\/stratosvillas.com\/fr\/useful-information\/"},{"@type":"ListItem","position":3,"name":"Terms and conditions"}]},{"@type":"WebSite","@id":"https:\/\/stratosvillas.com\/#website","url":"https:\/\/stratosvillas.com\/","name":"Stratosvillas","description":"Rethymno villa","potentialAction":[{"@type":"SearchAction","target":{"@type":"EntryPoint","urlTemplate":"https:\/\/stratosvillas.com\/?s={search_term_string}"},"query-input":{"@type":"PropertyValueSpecification","valueRequired":true,"valueName":"search_term_string"}}],"inLanguage":"fr-FR"}]}},"_links":{"self":[{"href":"https:\/\/stratosvillas.com\/fr\/wp-json\/wp\/v2\/pages\/15563","targetHints":{"allow":["GET"]}}],"collection":[{"href":"https:\/\/stratosvillas.com\/fr\/wp-json\/wp\/v2\/pages"}],"about":[{"href":"https:\/\/stratosvillas.com\/fr\/wp-json\/wp\/v2\/types\/page"}],"author":[{"embeddable":true,"href":"https:\/\/stratosvillas.com\/fr\/wp-json\/wp\/v2\/users\/1"}],"replies":[{"embeddable":true,"href":"https:\/\/stratosvillas.com\/fr\/wp-json\/wp\/v2\/comments?post=15563"}],"version-history":[{"count":0,"href":"https:\/\/stratosvillas.com\/fr\/wp-json\/wp\/v2\/pages\/15563\/revisions"}],"up":[{"embeddable":true,"href":"https:\/\/stratosvillas.com\/fr\/wp-json\/wp\/v2\/pages\/15561"}],"wp:attachment":[{"href":"https:\/\/stratosvillas.com\/fr\/wp-json\/wp\/v2\/media?parent=15563"}],"curies":[{"name":"wp","href":"https:\/\/api.w.org\/{rel}","templated":true}]}}