{"id":15565,"date":"2018-05-03T18:28:34","date_gmt":"2018-05-03T15:28:34","guid":{"rendered":"http:\/\/www.stratosvillas.com\/?page_id=15565"},"modified":"2018-05-16T19:49:52","modified_gmt":"2018-05-16T16:49:52","slug":"agritourism","status":"publish","type":"page","link":"https:\/\/stratosvillas.com\/fr\/useful-information\/agritourism\/","title":{"rendered":"Agritourism"},"content":{"rendered":"<div class=\"fusion-fullwidth fullwidth-box fusion-builder-row-1 nonhundred-percent-fullwidth non-hundred-percent-height-scrolling\" style=\"background-color: #ffffff;background-position: center center;background-repeat: no-repeat;padding-top:0px;padding-right:0px;padding-bottom:0px;padding-left:0px;margin-bottom: 0px;margin-top: 0px;border-width: 0px 0px 0px 0px;border-color:#eae9e9;border-style:solid;\" ><div class=\"fusion-builder-row fusion-row\"><div class=\"fusion-layout-column fusion_builder_column fusion-builder-column-0 fusion_builder_column_1_1 1_1 fusion-one-full fusion-column-first fusion-column-last\" style=\"margin-top:0px;margin-bottom:20px;\"><div class=\"fusion-column-wrapper fusion-flex-column-wrapper-legacy\" style=\"background-position:left top;background-repeat:no-repeat;-webkit-background-size:cover;-moz-background-size:cover;-o-background-size:cover;background-size:cover;padding: 0px 0px 0px 0px;\"><div class=\"fusion-text fusion-text-1\"><div id=\"Content\">\n<p>Les maisons traditionnelles Stratos villas sont offertes pour vivre chaque saison de l\u2019ann\u00e9e, des exp\u00e9riences inoubliables \u00e0 un environnement naturel magnifique.<\/p>\n<blockquote>\n<p>Venez pour vous d\u00e9tendre, en \u00e9coutant la chanson des oiseaux rares, pour vous relaxer et s\u2019\u00e9chapper du stress de la vie quotidienne en combinant des exp\u00e9ditions \u00e0 la nature.<\/p>\n<\/blockquote>\n<ul>\n<li>Venez faire de la randonn\u00e9e du cyclisme aux chantiers voisins pr\u00e8s de la for\u00eat, de l\u2019escalade aux collines vertes voisines et voir de pr\u00e8s de platanes, des ch\u00eanes, des olives, et certains types des plantes parfumes, des broussailles et des plantes.<\/li>\n<li>Visitez les monast\u00e8res historiques et les \u00e9glises voisines.<\/li>\n<li>Visitez la petite rivi\u00e8re, qui est juste \u00e0 100 km des maisons traditionnelles Stratos Villas et d\u00e9tendez \u2013vous en voyant \u00e0 c\u00f4t\u00e9 des grenouilles, des crabes, des tortues, des canards et beaucoup d\u2019oiseaux.<\/li>\n<\/ul>\n<h4>Venez conna\u00eetre les m\u0153urs et les coutumes de Cr\u00e8te et particuli\u00e8rement du d\u00e9partement de Rethimno, de notre r\u00e9gion ayant la possibilit\u00e9 :<\/h4>\n<ol>\n<li>De participer avec nous \u00e0 la proc\u00e9dure de la production du vin et du raki traditionnelle des raisins de notre production.<\/li>\n<li>De participer avec nous \u00e0 la production de l\u2019huile cr\u00e9tois de nos olives.<\/li>\n<li>De participer \u00e0 tailler les moutons et apr\u00e8s \u00e0 la grande f\u00eate avec des repas traditionnelles, avec beaucoup de vin et du raki.<\/li>\n<li>De suivre un mariage traditionnel, de go\u00fbter le traditionnel riz du mariage, \u00e9couter la lyra traditionnelle avec des distiques cr\u00e9tois et danser les danses traditionnelles cr\u00e9toises.<\/li>\n<li>De visiter la fromagerie de la r\u00e9gion et voir de c\u00f4t\u00e9 la proc\u00e9dure de la production de la gruy\u00e8re cr\u00e9toise, du yaourt frais, de la Cr\u00e8te de lait et du cr\u00e9tois trahana.<\/li>\n<li>De produire et r\u00e9jouir des l\u00e9gumes de notre jardin de chaque maison traditionnelle, comme des concombres, des tomates, des courgettes, des aubergines, des poivrons etc.<\/li>\n<\/ol>\n<\/div>\n<\/div><div class=\"fusion-clearfix\"><\/div><\/div><\/div><\/div><\/div>\n","protected":false},"excerpt":{"rendered":"","protected":false},"author":1,"featured_media":0,"parent":15561,"menu_order":0,"comment_status":"closed","ping_status":"closed","template":"","meta":{"footnotes":""},"class_list":["post-15565","page","type-page","status-publish","hentry"],"yoast_head":"<!-- This site is optimized with the Yoast SEO plugin v26.4 - https:\/\/yoast.com\/wordpress\/plugins\/seo\/ -->\n<title>Agritourism - Stratosvillas<\/title>\n<meta name=\"robots\" content=\"index, follow, max-snippet:-1, max-image-preview:large, max-video-preview:-1\" \/>\n<link rel=\"canonical\" href=\"https:\/\/stratosvillas.com\/fr\/useful-information\/agritourism\/\" \/>\n<meta property=\"og:locale\" content=\"fr_FR\" \/>\n<meta property=\"og:type\" content=\"article\" \/>\n<meta property=\"og:title\" content=\"Agritourism - Stratosvillas\" \/>\n<meta property=\"og:url\" content=\"https:\/\/stratosvillas.com\/fr\/useful-information\/agritourism\/\" \/>\n<meta property=\"og:site_name\" content=\"Stratosvillas\" \/>\n<meta property=\"article:modified_time\" content=\"2018-05-16T16:49:52+00:00\" \/>\n<meta name=\"twitter:card\" content=\"summary_large_image\" \/>\n<meta name=\"twitter:label1\" content=\"Dur\u00e9e de lecture estim\u00e9e\" \/>\n\t<meta name=\"twitter:data1\" content=\"3 minutes\" \/>\n<script type=\"application\/ld+json\" class=\"yoast-schema-graph\">{\"@context\":\"https:\/\/schema.org\",\"@graph\":[{\"@type\":\"WebPage\",\"@id\":\"https:\/\/stratosvillas.com\/fr\/useful-information\/agritourism\/\",\"url\":\"https:\/\/stratosvillas.com\/fr\/useful-information\/agritourism\/\",\"name\":\"Agritourism - Stratosvillas\",\"isPartOf\":{\"@id\":\"https:\/\/stratosvillas.com\/#website\"},\"datePublished\":\"2018-05-03T15:28:34+00:00\",\"dateModified\":\"2018-05-16T16:49:52+00:00\",\"breadcrumb\":{\"@id\":\"https:\/\/stratosvillas.com\/fr\/useful-information\/agritourism\/#breadcrumb\"},\"inLanguage\":\"fr-FR\",\"potentialAction\":[{\"@type\":\"ReadAction\",\"target\":[\"https:\/\/stratosvillas.com\/fr\/useful-information\/agritourism\/\"]}]},{\"@type\":\"BreadcrumbList\",\"@id\":\"https:\/\/stratosvillas.com\/fr\/useful-information\/agritourism\/#breadcrumb\",\"itemListElement\":[{\"@type\":\"ListItem\",\"position\":1,\"name\":\"Home\",\"item\":\"https:\/\/stratosvillas.com\/fr\/\"},{\"@type\":\"ListItem\",\"position\":2,\"name\":\"Useful Information\",\"item\":\"https:\/\/stratosvillas.com\/fr\/useful-information\/\"},{\"@type\":\"ListItem\",\"position\":3,\"name\":\"Agritourism\"}]},{\"@type\":\"WebSite\",\"@id\":\"https:\/\/stratosvillas.com\/#website\",\"url\":\"https:\/\/stratosvillas.com\/\",\"name\":\"Stratosvillas\",\"description\":\"Rethymno villa\",\"potentialAction\":[{\"@type\":\"SearchAction\",\"target\":{\"@type\":\"EntryPoint\",\"urlTemplate\":\"https:\/\/stratosvillas.com\/?s={search_term_string}\"},\"query-input\":{\"@type\":\"PropertyValueSpecification\",\"valueRequired\":true,\"valueName\":\"search_term_string\"}}],\"inLanguage\":\"fr-FR\"}]}<\/script>\n<!-- \/ Yoast SEO plugin. -->","yoast_head_json":{"title":"Agritourism - Stratosvillas","robots":{"index":"index","follow":"follow","max-snippet":"max-snippet:-1","max-image-preview":"max-image-preview:large","max-video-preview":"max-video-preview:-1"},"canonical":"https:\/\/stratosvillas.com\/fr\/useful-information\/agritourism\/","og_locale":"fr_FR","og_type":"article","og_title":"Agritourism - Stratosvillas","og_url":"https:\/\/stratosvillas.com\/fr\/useful-information\/agritourism\/","og_site_name":"Stratosvillas","article_modified_time":"2018-05-16T16:49:52+00:00","twitter_card":"summary_large_image","twitter_misc":{"Dur\u00e9e de lecture estim\u00e9e":"3 minutes"},"schema":{"@context":"https:\/\/schema.org","@graph":[{"@type":"WebPage","@id":"https:\/\/stratosvillas.com\/fr\/useful-information\/agritourism\/","url":"https:\/\/stratosvillas.com\/fr\/useful-information\/agritourism\/","name":"Agritourism - Stratosvillas","isPartOf":{"@id":"https:\/\/stratosvillas.com\/#website"},"datePublished":"2018-05-03T15:28:34+00:00","dateModified":"2018-05-16T16:49:52+00:00","breadcrumb":{"@id":"https:\/\/stratosvillas.com\/fr\/useful-information\/agritourism\/#breadcrumb"},"inLanguage":"fr-FR","potentialAction":[{"@type":"ReadAction","target":["https:\/\/stratosvillas.com\/fr\/useful-information\/agritourism\/"]}]},{"@type":"BreadcrumbList","@id":"https:\/\/stratosvillas.com\/fr\/useful-information\/agritourism\/#breadcrumb","itemListElement":[{"@type":"ListItem","position":1,"name":"Home","item":"https:\/\/stratosvillas.com\/fr\/"},{"@type":"ListItem","position":2,"name":"Useful Information","item":"https:\/\/stratosvillas.com\/fr\/useful-information\/"},{"@type":"ListItem","position":3,"name":"Agritourism"}]},{"@type":"WebSite","@id":"https:\/\/stratosvillas.com\/#website","url":"https:\/\/stratosvillas.com\/","name":"Stratosvillas","description":"Rethymno villa","potentialAction":[{"@type":"SearchAction","target":{"@type":"EntryPoint","urlTemplate":"https:\/\/stratosvillas.com\/?s={search_term_string}"},"query-input":{"@type":"PropertyValueSpecification","valueRequired":true,"valueName":"search_term_string"}}],"inLanguage":"fr-FR"}]}},"_links":{"self":[{"href":"https:\/\/stratosvillas.com\/fr\/wp-json\/wp\/v2\/pages\/15565","targetHints":{"allow":["GET"]}}],"collection":[{"href":"https:\/\/stratosvillas.com\/fr\/wp-json\/wp\/v2\/pages"}],"about":[{"href":"https:\/\/stratosvillas.com\/fr\/wp-json\/wp\/v2\/types\/page"}],"author":[{"embeddable":true,"href":"https:\/\/stratosvillas.com\/fr\/wp-json\/wp\/v2\/users\/1"}],"replies":[{"embeddable":true,"href":"https:\/\/stratosvillas.com\/fr\/wp-json\/wp\/v2\/comments?post=15565"}],"version-history":[{"count":0,"href":"https:\/\/stratosvillas.com\/fr\/wp-json\/wp\/v2\/pages\/15565\/revisions"}],"up":[{"embeddable":true,"href":"https:\/\/stratosvillas.com\/fr\/wp-json\/wp\/v2\/pages\/15561"}],"wp:attachment":[{"href":"https:\/\/stratosvillas.com\/fr\/wp-json\/wp\/v2\/media?parent=15565"}],"curies":[{"name":"wp","href":"https:\/\/api.w.org\/{rel}","templated":true}]}}