{"id":15566,"date":"2018-05-03T18:28:47","date_gmt":"2018-05-03T15:28:47","guid":{"rendered":"http:\/\/www.stratosvillas.com\/?page_id=15566"},"modified":"2019-02-24T18:23:02","modified_gmt":"2019-02-24T15:23:02","slug":"history","status":"publish","type":"page","link":"https:\/\/stratosvillas.com\/fr\/useful-information\/history\/","title":{"rendered":"History"},"content":{"rendered":"<div class=\"fusion-fullwidth fullwidth-box fusion-builder-row-1 nonhundred-percent-fullwidth non-hundred-percent-height-scrolling\" style=\"background-color: #ffffff;background-position: center center;background-repeat: no-repeat;padding-top:0px;padding-right:0px;padding-bottom:0px;padding-left:0px;margin-bottom: 0px;margin-top: 0px;border-width: 0px 0px 0px 0px;border-color:#eae9e9;border-style:solid;\" ><div class=\"fusion-builder-row fusion-row\"><div class=\"fusion-layout-column fusion_builder_column fusion-builder-column-0 fusion_builder_column_1_1 1_1 fusion-one-full fusion-column-first fusion-column-last\" style=\"margin-top:0px;margin-bottom:20px;\"><div class=\"fusion-column-wrapper fusion-flex-column-wrapper-legacy\" style=\"background-position:left top;background-repeat:no-repeat;-webkit-background-size:cover;-moz-background-size:cover;-o-background-size:cover;background-size:cover;padding: 0px 0px 0px 0px;\"><div class=\"fusion-text fusion-text-1\"><p>Le village historique de Kalonychtis se trouve 14 kilom\u00e8tres au sud-ouest de Rethimno de Cr\u00e8te. Il est construit sur la colline \u00abNikiforos \u00bb et en hauteur de 270 m\u00e8tres. Les produits de la r\u00e9gion sont le vin, l\u2019huile, les caroubes et les produits d\u2019\u00e9levage.<\/p>\n<p>Selon la tradition le village doit son nom a l\u2019incident suivant : \u00e0 l\u2019exp\u00e9dition de Nikiforos Fokas en Cr\u00e8te en mars 961 apr\u00e8s J.C. pour lib\u00e9rer l\u2019\u00eele de Cr\u00e8te des Arabes, il est reste une nuit sur cette colline, qu\u2019elle a d\u00e9j\u00e0 lib\u00e9r\u00e9e apr\u00e8s une lutte. Quand le matin est arrive, quelqu\u2019un lui a demand\u00e9 : \u00abComment avez-vous pass\u00e9 votre nuit?\u00bb et il a r\u00e9pondu \u00abKali nychta\u00bb -&gt; \u00abune bonne nuit\u00bb. Pour cette raison le village a \u00e9t\u00e9 appelle Kalonycthis. La colline et la r\u00e9gion, ou a s\u00e9journe le g\u00e9n\u00e9ral byzantin et empereur apr\u00e8s ont \u00e9t\u00e9 appell\u00e9es \u00abNikiforos\u00bb.<\/p>\n<p>Nikiforos Fokas est consid\u00e8re le fondateur du village et il y a une rue dans le village pour son honneur. Le d\u00e9partement s\u2019appelle D\u00e9partement Nikiforou Foka.<\/p>\n<div id=\"Content\">\n<p><img decoding=\"async\" class=\"size-medium wp-image-16182 aligncenter\" src=\"http:\/\/www.stratosvillas.com\/wp-content\/uploads\/church.jpg\" alt=\"\" width=\"300\" height=\"225\" srcset=\"https:\/\/stratosvillas.com\/wp-content\/uploads\/church-200x150.jpg 200w, https:\/\/stratosvillas.com\/wp-content\/uploads\/church-300x225.jpg 300w, https:\/\/stratosvillas.com\/wp-content\/uploads\/church-400x300.jpg 400w, https:\/\/stratosvillas.com\/wp-content\/uploads\/church-600x450.jpg 600w, https:\/\/stratosvillas.com\/wp-content\/uploads\/church-768x576.jpg 768w, https:\/\/stratosvillas.com\/wp-content\/uploads\/church-800x600.jpg 800w, https:\/\/stratosvillas.com\/wp-content\/uploads\/church-1024x768.jpg 1024w, https:\/\/stratosvillas.com\/wp-content\/uploads\/church-1200x900.jpg 1200w, https:\/\/stratosvillas.com\/wp-content\/uploads\/church.jpg 2592w\" sizes=\"(max-width: 300px) 100vw, 300px\" \/><\/p>\n<p>Vous pouvez visiter des \u00e9glises importantes comme la naissance de la vierge. Elle se date \u00e0 la p\u00e9riode V\u00e9nitienne et se trouve au centre du village. On la c\u00e9l\u00e8bre le 8 Septembre et chaque ann\u00e9e il y a une grande f\u00eate traditionnelle cr\u00e9toise. En plus \u00e0 la place de \u00abMonastiriko Metohi\u00bb il y a une petite \u00e9glise de type catholique, Michel Ange. Les \u00e9glises de Agios Antonios et Agios Nikolaos sont construits sur les ruines de vieilles \u00e9glises et se datent depuis 1965. Des \u00e9glises contemporaines sont Agios Nektarios et Agios Andreas le Cr\u00e9tois.<\/p>\n<\/div>\n<div id=\"Right\"><\/div>\n<\/div><div class=\"fusion-clearfix\"><\/div><\/div><\/div><\/div><\/div>\n","protected":false},"excerpt":{"rendered":"","protected":false},"author":1,"featured_media":0,"parent":15561,"menu_order":0,"comment_status":"closed","ping_status":"closed","template":"","meta":{"footnotes":""},"class_list":["post-15566","page","type-page","status-publish","hentry"],"yoast_head":"<!-- This site is optimized with the Yoast SEO plugin v26.4 - https:\/\/yoast.com\/wordpress\/plugins\/seo\/ -->\n<title>History - Stratosvillas<\/title>\n<meta name=\"robots\" content=\"index, follow, max-snippet:-1, max-image-preview:large, max-video-preview:-1\" \/>\n<link rel=\"canonical\" href=\"https:\/\/stratosvillas.com\/fr\/useful-information\/history\/\" \/>\n<meta property=\"og:locale\" content=\"fr_FR\" \/>\n<meta property=\"og:type\" content=\"article\" \/>\n<meta property=\"og:title\" content=\"History - Stratosvillas\" \/>\n<meta property=\"og:url\" content=\"https:\/\/stratosvillas.com\/fr\/useful-information\/history\/\" \/>\n<meta property=\"og:site_name\" content=\"Stratosvillas\" \/>\n<meta property=\"article:modified_time\" content=\"2019-02-24T15:23:02+00:00\" \/>\n<meta property=\"og:image\" content=\"http:\/\/www.stratosvillas.com\/wp-content\/uploads\/church.jpg\" \/>\n<meta name=\"twitter:card\" content=\"summary_large_image\" \/>\n<meta name=\"twitter:label1\" content=\"Dur\u00e9e de lecture estim\u00e9e\" \/>\n\t<meta name=\"twitter:data1\" content=\"2 minutes\" \/>\n<script type=\"application\/ld+json\" class=\"yoast-schema-graph\">{\"@context\":\"https:\/\/schema.org\",\"@graph\":[{\"@type\":\"WebPage\",\"@id\":\"https:\/\/stratosvillas.com\/fr\/useful-information\/history\/\",\"url\":\"https:\/\/stratosvillas.com\/fr\/useful-information\/history\/\",\"name\":\"History - Stratosvillas\",\"isPartOf\":{\"@id\":\"https:\/\/stratosvillas.com\/#website\"},\"primaryImageOfPage\":{\"@id\":\"https:\/\/stratosvillas.com\/fr\/useful-information\/history\/#primaryimage\"},\"image\":{\"@id\":\"https:\/\/stratosvillas.com\/fr\/useful-information\/history\/#primaryimage\"},\"thumbnailUrl\":\"http:\/\/www.stratosvillas.com\/wp-content\/uploads\/church.jpg\",\"datePublished\":\"2018-05-03T15:28:47+00:00\",\"dateModified\":\"2019-02-24T15:23:02+00:00\",\"breadcrumb\":{\"@id\":\"https:\/\/stratosvillas.com\/fr\/useful-information\/history\/#breadcrumb\"},\"inLanguage\":\"fr-FR\",\"potentialAction\":[{\"@type\":\"ReadAction\",\"target\":[\"https:\/\/stratosvillas.com\/fr\/useful-information\/history\/\"]}]},{\"@type\":\"ImageObject\",\"inLanguage\":\"fr-FR\",\"@id\":\"https:\/\/stratosvillas.com\/fr\/useful-information\/history\/#primaryimage\",\"url\":\"http:\/\/www.stratosvillas.com\/wp-content\/uploads\/church.jpg\",\"contentUrl\":\"http:\/\/www.stratosvillas.com\/wp-content\/uploads\/church.jpg\"},{\"@type\":\"BreadcrumbList\",\"@id\":\"https:\/\/stratosvillas.com\/fr\/useful-information\/history\/#breadcrumb\",\"itemListElement\":[{\"@type\":\"ListItem\",\"position\":1,\"name\":\"Home\",\"item\":\"https:\/\/stratosvillas.com\/fr\/\"},{\"@type\":\"ListItem\",\"position\":2,\"name\":\"Useful Information\",\"item\":\"https:\/\/stratosvillas.com\/fr\/useful-information\/\"},{\"@type\":\"ListItem\",\"position\":3,\"name\":\"History\"}]},{\"@type\":\"WebSite\",\"@id\":\"https:\/\/stratosvillas.com\/#website\",\"url\":\"https:\/\/stratosvillas.com\/\",\"name\":\"Stratosvillas\",\"description\":\"Rethymno villa\",\"potentialAction\":[{\"@type\":\"SearchAction\",\"target\":{\"@type\":\"EntryPoint\",\"urlTemplate\":\"https:\/\/stratosvillas.com\/?s={search_term_string}\"},\"query-input\":{\"@type\":\"PropertyValueSpecification\",\"valueRequired\":true,\"valueName\":\"search_term_string\"}}],\"inLanguage\":\"fr-FR\"}]}<\/script>\n<!-- \/ Yoast SEO plugin. -->","yoast_head_json":{"title":"History - Stratosvillas","robots":{"index":"index","follow":"follow","max-snippet":"max-snippet:-1","max-image-preview":"max-image-preview:large","max-video-preview":"max-video-preview:-1"},"canonical":"https:\/\/stratosvillas.com\/fr\/useful-information\/history\/","og_locale":"fr_FR","og_type":"article","og_title":"History - Stratosvillas","og_url":"https:\/\/stratosvillas.com\/fr\/useful-information\/history\/","og_site_name":"Stratosvillas","article_modified_time":"2019-02-24T15:23:02+00:00","og_image":[{"url":"http:\/\/www.stratosvillas.com\/wp-content\/uploads\/church.jpg","type":"","width":"","height":""}],"twitter_card":"summary_large_image","twitter_misc":{"Dur\u00e9e de lecture estim\u00e9e":"2 minutes"},"schema":{"@context":"https:\/\/schema.org","@graph":[{"@type":"WebPage","@id":"https:\/\/stratosvillas.com\/fr\/useful-information\/history\/","url":"https:\/\/stratosvillas.com\/fr\/useful-information\/history\/","name":"History - Stratosvillas","isPartOf":{"@id":"https:\/\/stratosvillas.com\/#website"},"primaryImageOfPage":{"@id":"https:\/\/stratosvillas.com\/fr\/useful-information\/history\/#primaryimage"},"image":{"@id":"https:\/\/stratosvillas.com\/fr\/useful-information\/history\/#primaryimage"},"thumbnailUrl":"http:\/\/www.stratosvillas.com\/wp-content\/uploads\/church.jpg","datePublished":"2018-05-03T15:28:47+00:00","dateModified":"2019-02-24T15:23:02+00:00","breadcrumb":{"@id":"https:\/\/stratosvillas.com\/fr\/useful-information\/history\/#breadcrumb"},"inLanguage":"fr-FR","potentialAction":[{"@type":"ReadAction","target":["https:\/\/stratosvillas.com\/fr\/useful-information\/history\/"]}]},{"@type":"ImageObject","inLanguage":"fr-FR","@id":"https:\/\/stratosvillas.com\/fr\/useful-information\/history\/#primaryimage","url":"http:\/\/www.stratosvillas.com\/wp-content\/uploads\/church.jpg","contentUrl":"http:\/\/www.stratosvillas.com\/wp-content\/uploads\/church.jpg"},{"@type":"BreadcrumbList","@id":"https:\/\/stratosvillas.com\/fr\/useful-information\/history\/#breadcrumb","itemListElement":[{"@type":"ListItem","position":1,"name":"Home","item":"https:\/\/stratosvillas.com\/fr\/"},{"@type":"ListItem","position":2,"name":"Useful Information","item":"https:\/\/stratosvillas.com\/fr\/useful-information\/"},{"@type":"ListItem","position":3,"name":"History"}]},{"@type":"WebSite","@id":"https:\/\/stratosvillas.com\/#website","url":"https:\/\/stratosvillas.com\/","name":"Stratosvillas","description":"Rethymno villa","potentialAction":[{"@type":"SearchAction","target":{"@type":"EntryPoint","urlTemplate":"https:\/\/stratosvillas.com\/?s={search_term_string}"},"query-input":{"@type":"PropertyValueSpecification","valueRequired":true,"valueName":"search_term_string"}}],"inLanguage":"fr-FR"}]}},"_links":{"self":[{"href":"https:\/\/stratosvillas.com\/fr\/wp-json\/wp\/v2\/pages\/15566","targetHints":{"allow":["GET"]}}],"collection":[{"href":"https:\/\/stratosvillas.com\/fr\/wp-json\/wp\/v2\/pages"}],"about":[{"href":"https:\/\/stratosvillas.com\/fr\/wp-json\/wp\/v2\/types\/page"}],"author":[{"embeddable":true,"href":"https:\/\/stratosvillas.com\/fr\/wp-json\/wp\/v2\/users\/1"}],"replies":[{"embeddable":true,"href":"https:\/\/stratosvillas.com\/fr\/wp-json\/wp\/v2\/comments?post=15566"}],"version-history":[{"count":0,"href":"https:\/\/stratosvillas.com\/fr\/wp-json\/wp\/v2\/pages\/15566\/revisions"}],"up":[{"embeddable":true,"href":"https:\/\/stratosvillas.com\/fr\/wp-json\/wp\/v2\/pages\/15561"}],"wp:attachment":[{"href":"https:\/\/stratosvillas.com\/fr\/wp-json\/wp\/v2\/media?parent=15566"}],"curies":[{"name":"wp","href":"https:\/\/api.w.org\/{rel}","templated":true}]}}