{"id":15569,"date":"2018-05-03T18:29:10","date_gmt":"2018-05-03T15:29:10","guid":{"rendered":"http:\/\/www.stratosvillas.com\/?page_id=15569"},"modified":"2020-06-12T00:57:28","modified_gmt":"2020-06-11T21:57:28","slug":"location","status":"publish","type":"page","link":"https:\/\/stratosvillas.com\/fr\/location\/","title":{"rendered":"Location"},"content":{"rendered":"<p><div class=\"fusion-fullwidth fullwidth-box fusion-builder-row-1 nonhundred-percent-fullwidth non-hundred-percent-height-scrolling\" style=\"background-color: #ffffff;background-position: left top;background-repeat: no-repeat;padding-top:70px;padding-right:0px;padding-bottom:75px;padding-left:0px;margin-bottom: 0px;margin-top: 0px;border-width: 0px 0px 0px 0px;border-color:#eae9e9;border-style:solid;\" ><div class=\"fusion-builder-row fusion-row\"><div class=\"fusion-layout-column fusion_builder_column fusion-builder-column-0 fusion_builder_column_1_2 1_2 fusion-one-half fusion-column-first\" style=\"width:48%; margin-right: 4%;margin-top:0px;margin-bottom:20px;\"><div class=\"fusion-column-wrapper fusion-flex-column-wrapper-legacy\" style=\"background-position:left top;background-repeat:no-repeat;-webkit-background-size:cover;-moz-background-size:cover;-o-background-size:cover;background-size:cover;padding: 0px 0px 0px 0px;\"><div class=\"fusion-text fusion-text-1\"><h1>La situation de l\u2019ensemble de Stratos Villas.<\/h1>\n<p>Les maisons traditionnelles du tourisme culturel agricole Stratos Villas, Villa Fouli, Villa Maria sont construites au point central de Cr\u00e8te. Les visiteurs ont la possibilit\u00e9 de s\u2019\u00e9chapper aux chantiers importants, aux monast\u00e8res historiques, aux grottes aux ravins et aux plages uniques de la r\u00e9gion.<\/p>\n<p>Les villas Stratos se trouvent 1 kilom\u00e8tre du village Kalonychtis du d\u00e9partement Nikiforos Fokas, 12 kilom\u00e8tres de la belle ville de Rethimno, 7 kilom\u00e8tres de la plage Nord (la mer Cr\u00e9toise) 23 kilom\u00e8tres des c\u00f4tes au Sud (la mer de Lybie) 98 kilom\u00e8tres de l\u2019a\u00e9roport d\u2019Heraklion \u00abNikos Kazantzakis\u00bb et 66 kilom\u00e8tres de l\u2019a\u00e9roport de Chania \u00abGiannis Daskalogiannis\u00bb.<\/p>\n<p>Juste deux kilom\u00e8tres de la villa Stratos, la villa Fouli et la villa Maria on peut trouver un mini market, une taverne traditionnelle, une p\u00e2tisserie, un magasin avec des produits traditionnels, une pharmacie et une station service.<\/p>\n<\/div><div class=\"imageframe-liftup\"><span class=\" fusion-imageframe imageframe-none imageframe-1 fusion-animated\" data-animationType=\"shake\" data-animationDuration=\"0.3\" data-animationOffset=\"100%\"><a href=\"https:\/\/stratosvillas.com\/wp-content\/uploads\/2018\/03\/how-to-arrive-1-1200x635.jpg\" class=\"fusion-lightbox\" data-rel=\"iLightbox[a768d33b81aba67ae21]\" data-title=\"how to arrive 1\" title=\"how to arrive 1\"><img decoding=\"async\" width=\"1200\" height=\"635\" src=\"https:\/\/stratosvillas.com\/wp-content\/uploads\/2018\/03\/how-to-arrive-1-1200x635.jpg\" class=\"img-responsive wp-image-12507\" srcset=\"https:\/\/stratosvillas.com\/wp-content\/uploads\/2018\/03\/how-to-arrive-1-200x106.jpg 200w, https:\/\/stratosvillas.com\/wp-content\/uploads\/2018\/03\/how-to-arrive-1-400x212.jpg 400w, https:\/\/stratosvillas.com\/wp-content\/uploads\/2018\/03\/how-to-arrive-1-600x318.jpg 600w, https:\/\/stratosvillas.com\/wp-content\/uploads\/2018\/03\/how-to-arrive-1-800x423.jpg 800w, https:\/\/stratosvillas.com\/wp-content\/uploads\/2018\/03\/how-to-arrive-1.jpg 1200w\" sizes=\"(max-width: 800px) 100vw, 600px\" \/><\/a><\/span><\/div><div class=\"fusion-clearfix\"><\/div><\/div><\/div><div class=\"fusion-layout-column fusion_builder_column fusion-builder-column-1 fusion_builder_column_1_2 1_2 fusion-one-half fusion-column-last\" style=\"width:48%;margin-top:0px;margin-bottom:20px;\"><div class=\"fusion-column-wrapper fusion-flex-column-wrapper-legacy\" style=\"background-position:left top;background-repeat:no-repeat;-webkit-background-size:cover;-moz-background-size:cover;-o-background-size:cover;background-size:cover;padding: 0px 0px 0px 0px;\"><div class=\"fusion-text fusion-text-2\"><h1>Le parcours vers Stratos Villas<\/h1>\n<h3>Route nationale Heraklion \u2013Rethimno.<\/h3>\n<p>En venant d\u2019Heraklion par la route nationale et arrivant \u00e0 Rethimno vous allez rencontrer un carrefour o\u00f9 vous allez tourner \u00e0 gauche en direction d\u2019Atsipopoulo. Vous traverserez les villages suivants Atsipopoulo, Prines, Gonia et Agios Andreas. Par la suite \u00e0 2 km \u00e0 votre gauche vous allez trouver un grand tableau de Stratos villas et vous allez tourner \u00e0 gauche. Vous trouverez les Stratos Villas \u00e0 800 km.<\/p>\n<h3>Route Nationale Chania \u2013Rethimno.<\/h3>\n<p>En venant de Chania par la route nationale et arrivant \u00e0 Rethymno vous allez rencontrer un carrefour o\u00f9 vous allez tourner \u00e0 droite en direction d\u2019Atsipopoulo. Vous traverserez les villages suivants : Atsipopoulo, Prines, Gonia et Agios Andreas. Par la suite \u00e0 2km vous allez trouver \u00e0 votre gauche un grand tableau de Stratos Villas et vous allez tourner \u00e0 gauche. Vous trouverez les Stratos villas \u00e0 800 km.<\/p>\n<\/div><div class=\"fusion-sep-clear\"><\/div><div class=\"fusion-separator fusion-full-width-sep\" style=\"margin-left: auto;margin-right: auto;margin-bottom:20px;width:100%;\"><\/div><div class=\"fusion-sep-clear\"><\/div><style type='text\/css'>.reading-box-container-1 .element-bottomshadow:before,.reading-box-container-1 .element-bottomshadow:after{opacity:0.7;}<\/style><div class=\"fusion-reading-box-container reading-box-container-1\" style=\"margin-top:0px;margin-bottom:84px;\"><div class=\"reading-box\" style=\"background-color:#f6f6f6;border-width:1px;border-color:#f6f6f6;border-left-width:3px;border-left-color:var(--primary_color);border-style:solid;\"><div class=\"reading-box-additional\">\n<h4>* LE MOYEN DE TRANSPORT EST INDISPENSABLE<\/h4>\n<\/div><div class=\"fusion-clearfix\"><\/div><\/div><\/div><div class=\"fusion-clearfix\"><\/div><\/div><\/div><\/div><\/div><div class=\"fusion-fullwidth fullwidth-box fusion-builder-row-2 hundred-percent-fullwidth non-hundred-percent-height-scrolling\" style=\"background-color: #ffffff;background-position: center center;background-repeat: no-repeat;padding-top:0px;padding-right:0px;padding-bottom:0px;padding-left:0px;margin-bottom: 0px;margin-top: 0px;border-width: 0px 0px 0px 0px;border-color:#eae9e9;border-style:solid;\" ><div class=\"fusion-builder-row fusion-row\"><div class=\"fusion-layout-column fusion_builder_column fusion-builder-column-2 fusion_builder_column_1_1 1_1 fusion-one-full fusion-column-first fusion-column-last\" style=\"margin-top:0px;margin-bottom:20px;\"><div class=\"fusion-column-wrapper fusion-flex-column-wrapper-legacy\" style=\"background-position:left top;background-repeat:no-repeat;-webkit-background-size:cover;-moz-background-size:cover;-o-background-size:cover;background-size:cover;padding: 0px 0px 0px 0px;\"><iframe src=\"https:\/\/www.google.com\/maps\/d\/u\/0\/embed?mid=1u8cEDzDN4mm22EYVbZ1f2NAkbN5MYJ5B&t=k&z=16&amp\" width=\"100%\" height=\"680\"><\/iframe><div class=\"fusion-clearfix\"><\/div><\/div><\/div><\/div><\/div><\/p>\n","protected":false},"excerpt":{"rendered":"","protected":false},"author":1,"featured_media":0,"parent":0,"menu_order":0,"comment_status":"closed","ping_status":"closed","template":"100-width.php","meta":{"footnotes":""},"class_list":["post-15569","page","type-page","status-publish","hentry"],"yoast_head":"<!-- This site is optimized with the Yoast SEO plugin v26.4 - https:\/\/yoast.com\/wordpress\/plugins\/seo\/ -->\n<title>Location - Stratosvillas<\/title>\n<meta name=\"robots\" content=\"index, follow, max-snippet:-1, max-image-preview:large, max-video-preview:-1\" \/>\n<link rel=\"canonical\" href=\"https:\/\/stratosvillas.com\/fr\/location\/\" \/>\n<meta property=\"og:locale\" content=\"fr_FR\" \/>\n<meta property=\"og:type\" content=\"article\" \/>\n<meta property=\"og:title\" content=\"Location - Stratosvillas\" \/>\n<meta property=\"og:url\" content=\"https:\/\/stratosvillas.com\/fr\/location\/\" \/>\n<meta property=\"og:site_name\" content=\"Stratosvillas\" \/>\n<meta property=\"article:modified_time\" content=\"2020-06-11T21:57:28+00:00\" \/>\n<meta name=\"twitter:card\" content=\"summary_large_image\" \/>\n<meta name=\"twitter:label1\" content=\"Dur\u00e9e de lecture estim\u00e9e\" \/>\n\t<meta name=\"twitter:data1\" content=\"5 minutes\" \/>\n<script type=\"application\/ld+json\" class=\"yoast-schema-graph\">{\"@context\":\"https:\/\/schema.org\",\"@graph\":[{\"@type\":\"WebPage\",\"@id\":\"https:\/\/stratosvillas.com\/fr\/location\/\",\"url\":\"https:\/\/stratosvillas.com\/fr\/location\/\",\"name\":\"Location - Stratosvillas\",\"isPartOf\":{\"@id\":\"https:\/\/stratosvillas.com\/#website\"},\"datePublished\":\"2018-05-03T15:29:10+00:00\",\"dateModified\":\"2020-06-11T21:57:28+00:00\",\"breadcrumb\":{\"@id\":\"https:\/\/stratosvillas.com\/fr\/location\/#breadcrumb\"},\"inLanguage\":\"fr-FR\",\"potentialAction\":[{\"@type\":\"ReadAction\",\"target\":[\"https:\/\/stratosvillas.com\/fr\/location\/\"]}]},{\"@type\":\"BreadcrumbList\",\"@id\":\"https:\/\/stratosvillas.com\/fr\/location\/#breadcrumb\",\"itemListElement\":[{\"@type\":\"ListItem\",\"position\":1,\"name\":\"Home\",\"item\":\"https:\/\/stratosvillas.com\/fr\/\"},{\"@type\":\"ListItem\",\"position\":2,\"name\":\"Location\"}]},{\"@type\":\"WebSite\",\"@id\":\"https:\/\/stratosvillas.com\/#website\",\"url\":\"https:\/\/stratosvillas.com\/\",\"name\":\"Stratosvillas\",\"description\":\"Rethymno villa\",\"potentialAction\":[{\"@type\":\"SearchAction\",\"target\":{\"@type\":\"EntryPoint\",\"urlTemplate\":\"https:\/\/stratosvillas.com\/?s={search_term_string}\"},\"query-input\":{\"@type\":\"PropertyValueSpecification\",\"valueRequired\":true,\"valueName\":\"search_term_string\"}}],\"inLanguage\":\"fr-FR\"}]}<\/script>\n<!-- \/ Yoast SEO plugin. -->","yoast_head_json":{"title":"Location - Stratosvillas","robots":{"index":"index","follow":"follow","max-snippet":"max-snippet:-1","max-image-preview":"max-image-preview:large","max-video-preview":"max-video-preview:-1"},"canonical":"https:\/\/stratosvillas.com\/fr\/location\/","og_locale":"fr_FR","og_type":"article","og_title":"Location - Stratosvillas","og_url":"https:\/\/stratosvillas.com\/fr\/location\/","og_site_name":"Stratosvillas","article_modified_time":"2020-06-11T21:57:28+00:00","twitter_card":"summary_large_image","twitter_misc":{"Dur\u00e9e de lecture estim\u00e9e":"5 minutes"},"schema":{"@context":"https:\/\/schema.org","@graph":[{"@type":"WebPage","@id":"https:\/\/stratosvillas.com\/fr\/location\/","url":"https:\/\/stratosvillas.com\/fr\/location\/","name":"Location - Stratosvillas","isPartOf":{"@id":"https:\/\/stratosvillas.com\/#website"},"datePublished":"2018-05-03T15:29:10+00:00","dateModified":"2020-06-11T21:57:28+00:00","breadcrumb":{"@id":"https:\/\/stratosvillas.com\/fr\/location\/#breadcrumb"},"inLanguage":"fr-FR","potentialAction":[{"@type":"ReadAction","target":["https:\/\/stratosvillas.com\/fr\/location\/"]}]},{"@type":"BreadcrumbList","@id":"https:\/\/stratosvillas.com\/fr\/location\/#breadcrumb","itemListElement":[{"@type":"ListItem","position":1,"name":"Home","item":"https:\/\/stratosvillas.com\/fr\/"},{"@type":"ListItem","position":2,"name":"Location"}]},{"@type":"WebSite","@id":"https:\/\/stratosvillas.com\/#website","url":"https:\/\/stratosvillas.com\/","name":"Stratosvillas","description":"Rethymno villa","potentialAction":[{"@type":"SearchAction","target":{"@type":"EntryPoint","urlTemplate":"https:\/\/stratosvillas.com\/?s={search_term_string}"},"query-input":{"@type":"PropertyValueSpecification","valueRequired":true,"valueName":"search_term_string"}}],"inLanguage":"fr-FR"}]}},"_links":{"self":[{"href":"https:\/\/stratosvillas.com\/fr\/wp-json\/wp\/v2\/pages\/15569","targetHints":{"allow":["GET"]}}],"collection":[{"href":"https:\/\/stratosvillas.com\/fr\/wp-json\/wp\/v2\/pages"}],"about":[{"href":"https:\/\/stratosvillas.com\/fr\/wp-json\/wp\/v2\/types\/page"}],"author":[{"embeddable":true,"href":"https:\/\/stratosvillas.com\/fr\/wp-json\/wp\/v2\/users\/1"}],"replies":[{"embeddable":true,"href":"https:\/\/stratosvillas.com\/fr\/wp-json\/wp\/v2\/comments?post=15569"}],"version-history":[{"count":0,"href":"https:\/\/stratosvillas.com\/fr\/wp-json\/wp\/v2\/pages\/15569\/revisions"}],"wp:attachment":[{"href":"https:\/\/stratosvillas.com\/fr\/wp-json\/wp\/v2\/media?parent=15569"}],"curies":[{"name":"wp","href":"https:\/\/api.w.org\/{rel}","templated":true}]}}