{"id":16027,"date":"2018-05-19T18:15:10","date_gmt":"2018-05-19T15:15:10","guid":{"rendered":"http:\/\/www.stratosvillas.com\/?page_id=16027"},"modified":"2019-02-23T20:53:57","modified_gmt":"2019-02-23T17:53:57","slug":"stratos-villas-general-description","status":"publish","type":"page","link":"https:\/\/stratosvillas.com\/fr\/stratos-villas-general-description\/","title":{"rendered":"Stratos villas general description"},"content":{"rendered":"<p><div class=\"fusion-fullwidth fullwidth-box fusion-builder-row-1 nonhundred-percent-fullwidth non-hundred-percent-height-scrolling\" style=\"background-color: #ffffff;background-position: left top;background-repeat: no-repeat;padding-top:0px;padding-right:0px;padding-bottom:95px;padding-left:0px;margin-bottom: 0px;margin-top: 0px;border-width: 0px 0px 0px 0px;border-color:#eae9e9;border-style:solid;\" ><div class=\"fusion-builder-row fusion-row\"><div class=\"fusion-layout-column fusion_builder_column fusion-builder-column-0 fusion_builder_column_3_5 3_5 fusion-three-fifth fusion-column-first\" style=\"width:58.4%; margin-right: 4%;margin-top:0px;margin-bottom:20px;\"><div class=\"fusion-column-wrapper fusion-flex-column-wrapper-legacy\" style=\"background-position:right bottom;background-repeat:no-repeat;-webkit-background-size:cover;-moz-background-size:cover;-o-background-size:cover;background-size:cover;padding: 0px 0px 0px 0px;\"><div class=\"fusion-text fusion-text-1\"><p style=\"letter-spacing: 4px; font-size: 13px; margin-bottom: 0px;\"><span class=\"tlid-translation translation\"><span class=\"\" title=\"\">DESCRIPTION DE STRATOS VILLAS<\/span><\/span><\/p>\n<h1>Bienvenue \u00e0 STRATOS VILLAS, Kaloniktis, Rethymno!<\/h1>\n<\/div><div class=\"fusion-sep-clear\"><\/div><div class=\"fusion-separator fusion-clearfix\" style=\"float:left;margin-top:0px;margin-bottom:20px;width:100%;max-width:50px;\"><div class=\"fusion-separator-border sep-single sep-solid\" style=\"border-color:#cbaa5c;border-top-width:1px;\"><\/div><\/div><div class=\"fusion-sep-clear\"><\/div><div class=\"fusion-text fusion-text-2\"><p>L\u2019ensemble Stratos Villas est construit avec beaucoup d\u2019entrain de Stratos est s\u2019est compos\u00e9 de trois villas ind\u00e9pendantes, du tourisme agricole, traditionnelles pour \u00eatre lou\u00e9es. La Villa Stratos, la Villa Fouli et la Villa Maria.<\/p>\n<p>La vue sans imites de Stratos villas vers les collines voisines ressemble \u00e0 un grand jardin de rochers de millions d\u2019hectares. Les rochers d\u00e9cores l\u2019arbres divers, des buissons et des plantes, comme de divers types des oiseaux, des grenouilles des toc tues et des crabes qui se trouvent dans la rivi\u00e8re, 100 m\u00e8tres des villas Stratos, sont ceux qui dorminrent dans ce paysage particulier. Cette d\u00e9tende de la nature qui se passe autour de nous, nous fait le r\u00e9pos de notre \u00e2me dont on en a besoin.<\/p>\n<p>Les maisons traditionnelles Stratos se trouvent dans un environnement naturel tout en vert, avec une vue aux collines alentours et \u00e0 la petite rivi\u00e8re, 1 kilom\u00e8tre du village historique Kalonychtis du d\u00e9partement de Nikiforos Fokas et 12 Kilom\u00e8tres de la belle ville de Rethimno.<\/p>\n<p>Les maisons traditionnelles Stratos villas avec la villa Stratos, la villa Fouli et la villa Maria sont les seuls b\u00e2timents sur le c\u00f4t\u00e9 ouest de la colline verte ou se trouve le village Kalonychtis dans la r\u00e9gion de Rethimno.<\/p>\n<p>Notre visiteur peut vivre des exp\u00e9riences inoubliables en s\u00e9journant dans les maisons traditionnelles Stratos villas, car il y \u00e0 la possibilit\u00e9 de se d\u00e9tendre en \u00e9coutant les chansons des oiseaux rares, de se reposer, de s\u2019\u00e9chapper du stress de la vie quotidienne en r\u00e9jouissant la natation \u00e0 la piscine ou la chaleur de la chemin\u00e9e traditionnelle en hiver et go\u00fbter la cuisine authentique Cr\u00e9toise traditionnelle de Eva, qui cuisine parfaitement !<\/p>\n<p>Il peut faire de la marche o\u00f9 du cyclisme aux chantiers \u00e0 c\u00f4t\u00e9 et \u00e0 la petite rivi\u00e8re, de l\u2019escalade aux collines vertes pour conna\u00eetre la faune et la flore de la r\u00e9gion et participer aux activit\u00e9s vari\u00e9es du tourisme agricole comme le vendange, la production de vin et de la traditionnelle Raki, ramasser des olives, des plantes parfumes, production de l\u2019huile d\u2019olive et une visite \u00e0 une fromagerie de la r\u00e9gion.<\/p>\n<p>Les maisons traditionnelles Stratos peuvent accueillir au total 21 personnes et vous attendent toute l\u2019ann\u00e9e, parce que chaque saison de l\u2019ann\u00e9e a se beaut\u00e9s.<\/p>\n<p>Eva, Stratos, Fouli et Maria sont volontaires de vous montrer l\u2019accueil cr\u00e9tois en faisant vos vacances inoubliables !<\/p>\n<\/div><div class=\"fusion-clearfix\"><\/div><\/div><\/div><div class=\"fusion-layout-column fusion_builder_column fusion-builder-column-1 fusion_builder_column_2_5 2_5 fusion-two-fifth fusion-column-last\" style=\"width:37.6%;margin-top:0px;margin-bottom:20px;\"><div class=\"fusion-column-wrapper fusion-flex-column-wrapper-legacy\" style=\"background-position:right bottom;background-repeat:no-repeat;-webkit-background-size:cover;-moz-background-size:cover;-o-background-size:cover;background-size:cover;background-color:#f4f6f8;border:1px solid #ebeef1;padding: 45px 45px 45px 45px;\"><div class=\"fusion-text fusion-text-3\"><p style=\"letter-spacing: 4px; font-size: 13px; margin-bottom: 0px; text-align: center;\">ONLINE BOOKING STRATOS VILLAS<\/p>\n<h1 style=\"text-align: center;\">BOOK NOW<\/h1>\n<p><script type=\"text\/javascript\" src=\"https:\/\/www.booking.com\/general.html?tmpl=bookit;aid=330843;lang=en;hotel_id=352716;cc1=gr;hotel_page=stratos-villas-rethymno\"><\/script><\/p>\n<\/div><div class=\"fusion-sep-clear\"><\/div><div class=\"fusion-separator fusion-full-width-sep\" style=\"margin-left: auto;margin-right: auto;margin-top:0px;margin-bottom:30px;width:100%;\"><div class=\"fusion-separator-border sep-single sep-solid\" style=\"border-color:#cbaa5c;border-top-width:1px;\"><\/div><\/div><div class=\"fusion-sep-clear\"><\/div><div class=\"fusion-sep-clear\"><\/div><div class=\"fusion-separator fusion-full-width-sep\" style=\"margin-left: auto;margin-right: auto;margin-top:-20px;width:100%;\"><\/div><div class=\"fusion-sep-clear\"><\/div><div class=\"fusion-widget-area fusion-widget-area-1 fusion-content-widget-area\"><style type=\"text\/css\">.fusion-widget-area-1 {padding:0px 0px 0px 0px;}.fusion-widget-area-1 .widget h4 {color:#333333;}.fusion-widget-area-1 .widget .heading h4 {color:#333333;}<\/style><div id=\"custom_html-5\" class=\"widget_text widget widget_custom_html\"><div class=\"textwidget custom-html-widget\"><\/div><\/div><div class=\"fusion-additional-widget-content\"><\/div><\/div><div class=\"fusion-clearfix\"><\/div><\/div><\/div><\/div><\/div><div class=\"fusion-fullwidth fullwidth-box fusion-builder-row-2 nonhundred-percent-fullwidth non-hundred-percent-height-scrolling\" style=\"background-color: #ffffff;background-position: left top;background-repeat: no-repeat;padding-top:110px;padding-right:0px;padding-bottom:40px;padding-left:0px;margin-bottom: 0px;margin-top: 0px;border-width: 0px 0px 0px 0px;border-color:#eae9e9;border-style:solid;\" ><div class=\"fusion-builder-row fusion-row\"><div class=\"fusion-layout-column fusion_builder_column fusion-builder-column-2 fusion_builder_column_1_1 1_1 fusion-one-full fusion-column-first fusion-column-last fusion-column-no-min-height\" style=\"margin-top:0px;margin-bottom:0px;\"><div class=\"fusion-column-wrapper fusion-flex-column-wrapper-legacy\" style=\"background-position:left top;background-repeat:no-repeat;-webkit-background-size:cover;-moz-background-size:cover;-o-background-size:cover;background-size:cover;padding: 0px 0px 0px 0px;\"><style type='text\/css'>.reading-box-container-1 .element-bottomshadow:before,.reading-box-container-1 .element-bottomshadow:after{opacity:0.5;}<\/style><div class=\"fusion-reading-box-container reading-box-container-1\" style=\"margin-top:0px;margin-bottom:84px;\"><div class=\"reading-box reading-box-center\" style=\"background-color:#ffffff;border-width:1px;border-color:#ebeef1;border-top-width:3px;border-top-color:var(--primary_color);border-style:solid;\"><h2><strong><em>Contactez-nous maintenant, Envoyez-nous votre demande de r\u00e9servation et Obtenez une offre sp\u00e9ciale!<\/em><\/strong> <\/h2><div class=\"reading-box-description fusion-reading-box-additional\">Nous vous r\u00e9pondrons dans les prochaines 1-24 heures!<\/div><div class=\"fusion-clearfix\"><\/div><a class=\"button fusion-button button-default fusion-button-large button-large button-flat fusion-mobile-button continue-center\" style=\"-webkit-box-shadow:none;-moz-box-shadow:none;box-shadow:none;border-radius:0px;\" href=\"https:\/\/stratosvillas.com\/fr\/contact\/\" target=\"_self\"><span>CONTACTEZ NOUS<\/span><\/a><\/div><\/div><div class=\"fusion-clearfix\"><\/div><\/div><\/div><\/div><\/div><\/p>\n","protected":false},"excerpt":{"rendered":"","protected":false},"author":1,"featured_media":0,"parent":0,"menu_order":0,"comment_status":"closed","ping_status":"closed","template":"","meta":{"footnotes":""},"class_list":["post-16027","page","type-page","status-publish","hentry"],"yoast_head":"<!-- This site is optimized with the Yoast SEO plugin v26.4 - https:\/\/yoast.com\/wordpress\/plugins\/seo\/ -->\n<title>Stratos villas general description - Stratosvillas<\/title>\n<meta name=\"robots\" content=\"index, follow, max-snippet:-1, max-image-preview:large, max-video-preview:-1\" \/>\n<link rel=\"canonical\" href=\"https:\/\/stratosvillas.com\/fr\/stratos-villas-general-description\/\" \/>\n<meta property=\"og:locale\" content=\"fr_FR\" \/>\n<meta property=\"og:type\" content=\"article\" \/>\n<meta property=\"og:title\" content=\"Stratos villas general description - Stratosvillas\" \/>\n<meta property=\"og:url\" content=\"https:\/\/stratosvillas.com\/fr\/stratos-villas-general-description\/\" \/>\n<meta property=\"og:site_name\" content=\"Stratosvillas\" \/>\n<meta property=\"article:modified_time\" content=\"2019-02-23T17:53:57+00:00\" \/>\n<meta name=\"twitter:card\" content=\"summary_large_image\" \/>\n<meta name=\"twitter:label1\" content=\"Dur\u00e9e de lecture estim\u00e9e\" \/>\n\t<meta name=\"twitter:data1\" content=\"5 minutes\" \/>\n<script type=\"application\/ld+json\" class=\"yoast-schema-graph\">{\"@context\":\"https:\/\/schema.org\",\"@graph\":[{\"@type\":\"WebPage\",\"@id\":\"https:\/\/stratosvillas.com\/fr\/stratos-villas-general-description\/\",\"url\":\"https:\/\/stratosvillas.com\/fr\/stratos-villas-general-description\/\",\"name\":\"Stratos villas general description - Stratosvillas\",\"isPartOf\":{\"@id\":\"https:\/\/stratosvillas.com\/#website\"},\"datePublished\":\"2018-05-19T15:15:10+00:00\",\"dateModified\":\"2019-02-23T17:53:57+00:00\",\"breadcrumb\":{\"@id\":\"https:\/\/stratosvillas.com\/fr\/stratos-villas-general-description\/#breadcrumb\"},\"inLanguage\":\"fr-FR\",\"potentialAction\":[{\"@type\":\"ReadAction\",\"target\":[\"https:\/\/stratosvillas.com\/fr\/stratos-villas-general-description\/\"]}]},{\"@type\":\"BreadcrumbList\",\"@id\":\"https:\/\/stratosvillas.com\/fr\/stratos-villas-general-description\/#breadcrumb\",\"itemListElement\":[{\"@type\":\"ListItem\",\"position\":1,\"name\":\"Home\",\"item\":\"https:\/\/stratosvillas.com\/fr\/\"},{\"@type\":\"ListItem\",\"position\":2,\"name\":\"Stratos villas general description\"}]},{\"@type\":\"WebSite\",\"@id\":\"https:\/\/stratosvillas.com\/#website\",\"url\":\"https:\/\/stratosvillas.com\/\",\"name\":\"Stratosvillas\",\"description\":\"Rethymno villa\",\"potentialAction\":[{\"@type\":\"SearchAction\",\"target\":{\"@type\":\"EntryPoint\",\"urlTemplate\":\"https:\/\/stratosvillas.com\/?s={search_term_string}\"},\"query-input\":{\"@type\":\"PropertyValueSpecification\",\"valueRequired\":true,\"valueName\":\"search_term_string\"}}],\"inLanguage\":\"fr-FR\"}]}<\/script>\n<!-- \/ Yoast SEO plugin. -->","yoast_head_json":{"title":"Stratos villas general description - Stratosvillas","robots":{"index":"index","follow":"follow","max-snippet":"max-snippet:-1","max-image-preview":"max-image-preview:large","max-video-preview":"max-video-preview:-1"},"canonical":"https:\/\/stratosvillas.com\/fr\/stratos-villas-general-description\/","og_locale":"fr_FR","og_type":"article","og_title":"Stratos villas general description - Stratosvillas","og_url":"https:\/\/stratosvillas.com\/fr\/stratos-villas-general-description\/","og_site_name":"Stratosvillas","article_modified_time":"2019-02-23T17:53:57+00:00","twitter_card":"summary_large_image","twitter_misc":{"Dur\u00e9e de lecture estim\u00e9e":"5 minutes"},"schema":{"@context":"https:\/\/schema.org","@graph":[{"@type":"WebPage","@id":"https:\/\/stratosvillas.com\/fr\/stratos-villas-general-description\/","url":"https:\/\/stratosvillas.com\/fr\/stratos-villas-general-description\/","name":"Stratos villas general description - Stratosvillas","isPartOf":{"@id":"https:\/\/stratosvillas.com\/#website"},"datePublished":"2018-05-19T15:15:10+00:00","dateModified":"2019-02-23T17:53:57+00:00","breadcrumb":{"@id":"https:\/\/stratosvillas.com\/fr\/stratos-villas-general-description\/#breadcrumb"},"inLanguage":"fr-FR","potentialAction":[{"@type":"ReadAction","target":["https:\/\/stratosvillas.com\/fr\/stratos-villas-general-description\/"]}]},{"@type":"BreadcrumbList","@id":"https:\/\/stratosvillas.com\/fr\/stratos-villas-general-description\/#breadcrumb","itemListElement":[{"@type":"ListItem","position":1,"name":"Home","item":"https:\/\/stratosvillas.com\/fr\/"},{"@type":"ListItem","position":2,"name":"Stratos villas general description"}]},{"@type":"WebSite","@id":"https:\/\/stratosvillas.com\/#website","url":"https:\/\/stratosvillas.com\/","name":"Stratosvillas","description":"Rethymno villa","potentialAction":[{"@type":"SearchAction","target":{"@type":"EntryPoint","urlTemplate":"https:\/\/stratosvillas.com\/?s={search_term_string}"},"query-input":{"@type":"PropertyValueSpecification","valueRequired":true,"valueName":"search_term_string"}}],"inLanguage":"fr-FR"}]}},"_links":{"self":[{"href":"https:\/\/stratosvillas.com\/fr\/wp-json\/wp\/v2\/pages\/16027","targetHints":{"allow":["GET"]}}],"collection":[{"href":"https:\/\/stratosvillas.com\/fr\/wp-json\/wp\/v2\/pages"}],"about":[{"href":"https:\/\/stratosvillas.com\/fr\/wp-json\/wp\/v2\/types\/page"}],"author":[{"embeddable":true,"href":"https:\/\/stratosvillas.com\/fr\/wp-json\/wp\/v2\/users\/1"}],"replies":[{"embeddable":true,"href":"https:\/\/stratosvillas.com\/fr\/wp-json\/wp\/v2\/comments?post=16027"}],"version-history":[{"count":0,"href":"https:\/\/stratosvillas.com\/fr\/wp-json\/wp\/v2\/pages\/16027\/revisions"}],"wp:attachment":[{"href":"https:\/\/stratosvillas.com\/fr\/wp-json\/wp\/v2\/media?parent=16027"}],"curies":[{"name":"wp","href":"https:\/\/api.w.org\/{rel}","templated":true}]}}