{"id":15635,"date":"2018-05-03T18:41:17","date_gmt":"2018-05-03T15:41:17","guid":{"rendered":"http:\/\/www.stratosvillas.com\/?page_id=15635"},"modified":"2019-03-27T00:48:45","modified_gmt":"2019-03-26T21:48:45","slug":"guest-reviews","status":"publish","type":"page","link":"https:\/\/stratosvillas.com\/it\/useful-information\/guest-reviews\/","title":{"rendered":"Guest Reviews"},"content":{"rendered":"<div class=\"fusion-fullwidth fullwidth-box fusion-builder-row-1 nonhundred-percent-fullwidth non-hundred-percent-height-scrolling\" style=\"background-color: #ffffff;background-position: center center;background-repeat: no-repeat;padding-top:0px;padding-right:0px;padding-bottom:0px;padding-left:0px;margin-bottom: 0px;margin-top: 0px;border-width: 0px 0px 0px 0px;border-color:#eae9e9;border-style:solid;\" ><div class=\"fusion-builder-row fusion-row\"><div class=\"fusion-layout-column fusion_builder_column fusion-builder-column-0 fusion_builder_column_1_1 1_1 fusion-one-full fusion-column-first fusion-column-last\" style=\"margin-top:0px;margin-bottom:20px;\"><div class=\"fusion-column-wrapper fusion-flex-column-wrapper-legacy\" style=\"background-position:left top;background-repeat:no-repeat;-webkit-background-size:cover;-moz-background-size:cover;-o-background-size:cover;background-size:cover;padding: 0px 0px 0px 0px;\"><div class=\"fusion-person person fusion-person-left fusion-person-1 fusion-person-icon-top\"><div class=\"person-desc\"><div class=\"person-author\"><div class=\"person-author-wrapper\"><span class=\"person-name\">Villa Fouli un' altra villa per una vacanza da sogno!<\/span><span class=\"person-title\"><\/span><\/div><\/div><div class=\"person-content fusion-clearfix\">Dopo aver trascorso due estati in villa Stratos, quest&#8217;anno alla mia famiglia di quattro persone si \u00e8 aggiunta una coppia di nostri amici ed abbiamo utilizzato villa Fouli. Anche questa \u00e8 veramente fantastica. Perfetta soprattutto per gruppi di amici in quanto le tre grandissime camere da letto hanno ognuna il proprio bagno privato ed, essendo anche su piani diversi, usufruiscono di una notevole indipendenza. La pulizia come sempre \u00e8 stata perfetta. La piscina, un po&#8217; pi\u00f9 profonda di quella di villa Stratos, \u00e8 bellissima e mantenuta costantemente pulita dai proprietari. La villa \u00e8 arredata in maniera elegante con la cura dei pi\u00f9 piccoli dettagli. Come sempre quello che ha reso veramente unica questa vacanza \u00e8 stata l&#8217;accoglienza dei proprietari. E&#8217; un dolore doverli salutare alla fine della vacanza. Anche i nostri amici, che per la prima volta sono venuti a Creta, possono confermare l&#8217;esperienza straordinaria di un&#8217;ospitalit\u00e0 attenta ad ogni esigenza. Eva, Stratos, Maria e Fouli sono veramente delle persone eccezionali. Abbiamo avuto molta fortuna nel trovare questo angolo di paradiso (&#8220;no stress&#8221; come dice Eva).<\/p>\n<p>Elena, Giuseppe with family and friends, Milan &#8211; Italy<\/div><\/div><\/div><div class=\"fusion-sep-clear\"><\/div><div class=\"fusion-separator fusion-full-width-sep\" style=\"margin-left: auto;margin-right: auto;width:100%;\"><div class=\"fusion-separator-border sep-single sep-solid\" style=\"border-color:#e0dede;border-top-width:1px;\"><\/div><\/div><div class=\"fusion-sep-clear\"><\/div><div class=\"fusion-person person fusion-person-left fusion-person-2 fusion-person-icon-top\"><div class=\"person-desc\"><div class=\"person-author\"><div class=\"person-author-wrapper\"><span class=\"person-name\">\u201cFantastico, semplicemente fantastico\u201d<\/span><span class=\"person-title\"><\/span><\/div><\/div><div class=\"person-content fusion-clearfix\">Un paradiso terrestre dove apprezzare ospitalit\u00e0, tranquillit\u00e0 e simpatia. Il contorno \u00e8 un coctail di pulizia e organizzazione da parte di tutta la simpaticissima famiglia Stratos.<br \/>\nNella magnifica Creta una bellissima occasione per passare un fantastico periodo apprezzando la cucina di Eva (Proprietaria) e raggiungendo a soli dieci minuti di macchina , un mare favoloso.<br \/>\nDa provare e da consigliare. Posso solo esprimere un giudizio pi\u00f9 che positivo e consigliare Stratos Villas.<\/p>\n<p>Giuseppe, Elena and family, Milan &#8211; Italy<\/div><\/div><\/div><div class=\"fusion-sep-clear\"><\/div><div class=\"fusion-separator fusion-full-width-sep\" style=\"margin-left: auto;margin-right: auto;width:100%;\"><div class=\"fusion-separator-border sep-single sep-solid\" style=\"border-color:#e0dede;border-top-width:1px;\"><\/div><\/div><div class=\"fusion-sep-clear\"><\/div><div class=\"fusion-person person fusion-person-left fusion-person-3 fusion-person-icon-top\"><div class=\"person-desc\"><div class=\"person-author\"><div class=\"person-author-wrapper\"><span class=\"person-name\">Villa meravigliosa e famiglia Stratos SUPER (poli, poli, poli !!!)<\/span><span class=\"person-title\"><\/span><\/div><\/div><div class=\"person-content fusion-clearfix\">Siamo appena tornati da Creta (io e mio marito cinquantenni) ospiti di nostri amici alloggiati in Villa Stratos una delle tre del gruppo Stratos, oltre a villa Maria e villa Fouli. Che dire ???<br \/>\nLe parole non bastano per descrivere la settimana passata in villa Stratos. Noi viviamo a Cremona e siamo abituati al verde e non solo al cemento delle grandi citt\u00e0, ma la posizione di villa Stratos, il clima (22 gradi al mattino e golfino alla sera, quando in Italia c&#8217;era una temperatura sahariana) e soprattutto la splendida accoglienza di tutta la famiglia che si prodiga a non far mancare nulla, alla massima pulizia della casa e della piscina, e non ultima la favolosa cucina di Eva, ottima cuoca cretese, ci hanno permesso di vivere 7 giorni in un paradiso.<br \/>\nIl mare \u00e8 favoloso e le spiagge poco frequentate (tranne ovviamente quelle pi\u00f9 famose), sono per\u00f2 raggiungibili solo con la macchina, ma quando si \u00e8 l\u00ec pare di essere in un altro mondo (anche economicamente: ombrellone + 2 lettini = 5 euro al giorno) &#8230; ora giudicate voi se non \u00e8 da provare &#8230;<\/p>\n<p>Cinzia and family, Cremona &#8211; Italia<\/div><\/div><\/div><div class=\"fusion-sep-clear\"><\/div><div class=\"fusion-separator fusion-full-width-sep\" style=\"margin-left: auto;margin-right: auto;width:100%;\"><div class=\"fusion-separator-border sep-single sep-solid\" style=\"border-color:#e0dede;border-top-width:1px;\"><\/div><\/div><div class=\"fusion-sep-clear\"><\/div><div class=\"fusion-person person fusion-person-left fusion-person-4 fusion-person-icon-top\"><div class=\"person-desc\"><div class=\"person-author\"><div class=\"person-author-wrapper\"><span class=\"person-name\">\u201cFantastico, semplicemente fantastico\u201d<\/span><span class=\"person-title\"><\/span><\/div><\/div><div class=\"person-content fusion-clearfix\">Un paradiso terrestre dove apprezzare ospitalit\u00e0, tranquillit\u00e0 e simpatia. il contorno \u00e8 un coctail di pulizia e organizzazione da parte di tutta la simpaticissima famiglia Stratos. Nella magnifica Creta una bellissima occasione per passare un fantastico periodo apprezzando la cucina di Eva (Proprietaria) e raggiungendo a soli dieci minuti di macchina , un mare favoloso. Da provare e da consigliare. posso solo esprimere un giudizio pi\u00f9 che positivo e consigliare Startos Villas. <\/div><\/div><\/div><div class=\"fusion-sep-clear\"><\/div><div class=\"fusion-separator fusion-full-width-sep\" style=\"margin-left: auto;margin-right: auto;width:100%;\"><div class=\"fusion-separator-border sep-single sep-solid\" style=\"border-color:#e0dede;border-top-width:1px;\"><\/div><\/div><div class=\"fusion-sep-clear\"><\/div><div class=\"fusion-person person fusion-person-left fusion-person-5 fusion-person-icon-top\"><div class=\"person-desc\"><div class=\"person-author\"><div class=\"person-author-wrapper\"><span class=\"person-name\">Una villa bellissima e un'accoglienza fantastica<\/span><span class=\"person-title\"><\/span><\/div><\/div><div class=\"person-content fusion-clearfix\">La mia famiglia ha trascorso in villa Stratos dieci giorni meravigliosi nell&#8217;agosto 2010 e altri nove giorni nell&#8217;agosto 2011 e vogliamo ritornare nel 2012. La villa \u00e8 veramente come appare nelle immagini: grande, bellissima e pulitissima. Anzi \u00e8 ancora pi\u00f9 ampia e bella di quanto appaia nelle fotografie ed \u00e8 perfettamente accessoriata. La piscina \u00e8 grande (c&#8217;\u00e8 veramente l&#8217;idromassaggio!!!) ed \u00e8 costantemente pulita e controllata.<br \/>\nHa intorno un grande solarium con lettini e ombrelloni. Il giardino \u00e8 pieno di palme, alberi e fiori (la pianta di ibisco vicino alla piscina ha dei fiori meravigliosi e il gelsomino, intorno al gazebo nel giardino, ha un profumo intenso).<br \/>\nA questo si aggiunge la straordinaria ospitalit\u00e0 e simpatia della famiglia<br \/>\nStavroulaki. La padrona Eva \u00e8 veramente una cuoca eccezionale e offre<br \/>\nai suoi ospiti la migliore cena cretese che possiate trovare (di solito<br \/>\nla prima). Se volete \u00e8 anche disposta ad insegnarvi le ricette cretesi. Stratos \u00e8 un padrone sorridente e cortese che fa sentire gli ospiti come a casa propria, nonostante parli praticamente solo greco. Le due figlie Fouli e Maria sono gentili e simpaticissime e, oltre a conoscere bene l&#8217;Inglese, parlano un po&#8217; di tedesco, di francese e di italiano.<br \/>\nDurante queste due vacanze abbiamo avuto modo di vedere che un&#8217;accoglienza premurosa e sorridente \u00e8 veramente riservata a tutti gli ospiti.<br \/>\nNoi ci siamo innamorati di Creta, ma anche e soprattutto dell&#8217;ospitalit\u00e0 della famiglia<br \/>\nStavroulaki. Come indicato nell&#8217;inserzione \u00e8 necessario essere dotati<br \/>\ndi auto e forse l&#8217;unico neo di queste fantastiche ville \u00e8 la distanza<br \/>\n(20-30 minuti) dal mare, ma sinceramente per noi questo non \u00e8 mai stato<br \/>\nun problema, anche perch\u00e8 il posto in cui sono costruite \u00e8 veramente<br \/>\nmolto bello e verde e la temperatura, soprattutto serale e mattutina, \u00e8<br \/>\nassai gradevole, tanto da rendere inutile l&#8217;aria condizionata (che<br \/>\nperaltro funziona benissimo).<\/p>\n<p>Elena, Giuseppe and family, Milan &#8211; Italy<\/div><\/div><\/div><div class=\"fusion-sep-clear\"><\/div><div class=\"fusion-separator fusion-full-width-sep\" style=\"margin-left: auto;margin-right: auto;width:100%;\"><div class=\"fusion-separator-border sep-single sep-solid\" style=\"border-color:#e0dede;border-top-width:1px;\"><\/div><\/div><div class=\"fusion-sep-clear\"><\/div><div class=\"fusion-person person fusion-person-left fusion-person-6 fusion-person-icon-top\"><div class=\"person-desc\"><div class=\"person-author\"><div class=\"person-author-wrapper\"><span class=\"person-name\">Bellissima location<\/span><span class=\"person-title\"><\/span><\/div><\/div><div class=\"person-content fusion-clearfix\">Quest\u2019anno siamo stati due volte alle Ville Stratos di Kaloniktis: a maggio nella Villa Fouli, pi\u00f9 grande, con amici, e a Agosto nella Villa Stratos. In entrambi i casi siamo stati benissimo, le ville sono immerse nel verde, leggermente in collina, non si soffre mai il caldo e ognuna ha una piscina per il relax pomeridiano. Non distanziano molto da spiagge famose e bellissime con acque limpide. Ambedue hanno ambienti ampi e ben arredati, tenuti pulitissimi dai padroni di casa che sono anche cordialissimi e usano offrire, durante il soggiorno, una cena nella loro casa. La cena ovviamente a base di piatti con ricette greco\/cretesi \u00e8 fantastica, rimane impressa a lungo nella memoria. Assolutamente consigliate!<\/p>\n<p>Nadia and Marco, Milan &#8211; Italy<\/div><\/div><\/div><div class=\"fusion-sep-clear\"><\/div><div class=\"fusion-separator fusion-full-width-sep\" style=\"margin-left: auto;margin-right: auto;width:100%;\"><div class=\"fusion-separator-border sep-single sep-solid\" style=\"border-color:#e0dede;border-top-width:1px;\"><\/div><\/div><div class=\"fusion-sep-clear\"><\/div><div class=\"fusion-person person fusion-person-left fusion-person-7 fusion-person-icon-top\"><div class=\"person-desc\"><div class=\"person-author\"><div class=\"person-author-wrapper\"><span class=\"person-name\">Villa meravigliosa con accoglienza straordinaria<\/span><span class=\"person-title\"><\/span><\/div><\/div><div class=\"person-content fusion-clearfix\">Sono stata ospite nell&#8217;agosto 2010 e 2011 con la mia famiglia (con due figli di 20 e 24 anni) in villa Stratos (una delle tre ville). La villa \u00e8 bellissima, ammobiliata con gusto , con una cucina completamente accessoriata e pulitissima. La piscina \u00e8 fantastica (ha veramente l&#8217;idromassaggio) e viene costantemente tenuta pulita e controllata dai padroni. Il giardino \u00e8 grandissimo con alberi e fiori bellissimi. La pianta d&#8217;ibisco vicino alla piscina ha fiori rossi enormi e il gelsomino intorno al gazebo profuma in maniera straordinaria. Le ville sono situate in collina a una decina di chilometri dal mare (l&#8217;auto \u00e8 indispensabile) in mezzo al verde e nella pace pi\u00f9 straordinaria. Per una milanese abituata al traffico \u00e8 un sogno trascorrere dei giorni nella pace e nella calma pi\u00f9 completi. Si possono raggiungere facilmente con l&#8217;auto diverse belle spiagge sia sul mar Egeo che sul mar Libico.<br \/>\nTutto quanto detto sarebbe sufficiente a far desiderare una vacanza in questa villa (o nelle altre due degli stessi proprietari), ma a questo si aggiunge la straordinaria ospitalit\u00e0 dei proprietari. Eva, Stratos e le loro figlie Maria e Fouli fanno veramente di tutto per farvi sentire ospiti graditi e non semplici affittuari. Eva \u00e8 una cuoca eccezionale e offre di solito la prima cena ai suoi ospiti (il migliore cibo cretese mangiato nei nostri complessivi 30 giorni di vacanze cretesi). Maria e Fouli, sempre sorridenti e disponibili, parlano oltre al greco e all&#8217;inglese anche un po&#8217; di francese e di italiano. Insomma noi ci siamo innamorati di Creta, ma anche e soprattutto della famiglia Stavroulaki. Quest&#8217;anno fortunatamente ritorniamo, questa volta in villa Fouli con dei nostri amici.<\/p>\n<p>Elena, Giuseppe and family, Milan &#8211; Italy<\/div><\/div><\/div><div class=\"fusion-sep-clear\"><\/div><div class=\"fusion-separator fusion-full-width-sep\" style=\"margin-left: auto;margin-right: auto;width:100%;\"><div class=\"fusion-separator-border sep-single sep-solid\" style=\"border-color:#e0dede;border-top-width:1px;\"><\/div><\/div><div class=\"fusion-sep-clear\"><\/div><div class=\"fusion-clearfix\"><\/div><\/div><\/div><\/div><\/div>\n","protected":false},"excerpt":{"rendered":"","protected":false},"author":1,"featured_media":0,"parent":15634,"menu_order":0,"comment_status":"closed","ping_status":"closed","template":"","meta":{"footnotes":""},"class_list":["post-15635","page","type-page","status-publish","hentry"],"yoast_head":"<!-- This site is optimized with the Yoast SEO plugin v26.4 - https:\/\/yoast.com\/wordpress\/plugins\/seo\/ -->\n<title>Guest Reviews - Stratosvillas<\/title>\n<meta name=\"robots\" content=\"index, follow, max-snippet:-1, max-image-preview:large, max-video-preview:-1\" \/>\n<link rel=\"canonical\" href=\"https:\/\/stratosvillas.com\/it\/useful-information\/guest-reviews\/\" \/>\n<meta property=\"og:locale\" content=\"it_IT\" \/>\n<meta property=\"og:type\" content=\"article\" \/>\n<meta property=\"og:title\" content=\"Guest Reviews - Stratosvillas\" \/>\n<meta property=\"og:url\" content=\"https:\/\/stratosvillas.com\/it\/useful-information\/guest-reviews\/\" \/>\n<meta property=\"og:site_name\" content=\"Stratosvillas\" \/>\n<meta property=\"article:modified_time\" content=\"2019-03-26T21:48:45+00:00\" \/>\n<meta name=\"twitter:card\" content=\"summary_large_image\" \/>\n<meta name=\"twitter:label1\" content=\"Tempo di lettura stimato\" \/>\n\t<meta name=\"twitter:data1\" content=\"12 minuti\" \/>\n<script type=\"application\/ld+json\" class=\"yoast-schema-graph\">{\"@context\":\"https:\/\/schema.org\",\"@graph\":[{\"@type\":\"WebPage\",\"@id\":\"https:\/\/stratosvillas.com\/it\/useful-information\/guest-reviews\/\",\"url\":\"https:\/\/stratosvillas.com\/it\/useful-information\/guest-reviews\/\",\"name\":\"Guest Reviews - Stratosvillas\",\"isPartOf\":{\"@id\":\"https:\/\/stratosvillas.com\/#website\"},\"datePublished\":\"2018-05-03T15:41:17+00:00\",\"dateModified\":\"2019-03-26T21:48:45+00:00\",\"breadcrumb\":{\"@id\":\"https:\/\/stratosvillas.com\/it\/useful-information\/guest-reviews\/#breadcrumb\"},\"inLanguage\":\"it-IT\",\"potentialAction\":[{\"@type\":\"ReadAction\",\"target\":[\"https:\/\/stratosvillas.com\/it\/useful-information\/guest-reviews\/\"]}]},{\"@type\":\"BreadcrumbList\",\"@id\":\"https:\/\/stratosvillas.com\/it\/useful-information\/guest-reviews\/#breadcrumb\",\"itemListElement\":[{\"@type\":\"ListItem\",\"position\":1,\"name\":\"Home\",\"item\":\"https:\/\/stratosvillas.com\/it\/\"},{\"@type\":\"ListItem\",\"position\":2,\"name\":\"Useful Information\",\"item\":\"https:\/\/stratosvillas.com\/it\/useful-information\/\"},{\"@type\":\"ListItem\",\"position\":3,\"name\":\"Guest Reviews\"}]},{\"@type\":\"WebSite\",\"@id\":\"https:\/\/stratosvillas.com\/#website\",\"url\":\"https:\/\/stratosvillas.com\/\",\"name\":\"Stratosvillas\",\"description\":\"Rethymno villa\",\"potentialAction\":[{\"@type\":\"SearchAction\",\"target\":{\"@type\":\"EntryPoint\",\"urlTemplate\":\"https:\/\/stratosvillas.com\/?s={search_term_string}\"},\"query-input\":{\"@type\":\"PropertyValueSpecification\",\"valueRequired\":true,\"valueName\":\"search_term_string\"}}],\"inLanguage\":\"it-IT\"}]}<\/script>\n<!-- \/ Yoast SEO plugin. -->","yoast_head_json":{"title":"Guest Reviews - Stratosvillas","robots":{"index":"index","follow":"follow","max-snippet":"max-snippet:-1","max-image-preview":"max-image-preview:large","max-video-preview":"max-video-preview:-1"},"canonical":"https:\/\/stratosvillas.com\/it\/useful-information\/guest-reviews\/","og_locale":"it_IT","og_type":"article","og_title":"Guest Reviews - Stratosvillas","og_url":"https:\/\/stratosvillas.com\/it\/useful-information\/guest-reviews\/","og_site_name":"Stratosvillas","article_modified_time":"2019-03-26T21:48:45+00:00","twitter_card":"summary_large_image","twitter_misc":{"Tempo di lettura stimato":"12 minuti"},"schema":{"@context":"https:\/\/schema.org","@graph":[{"@type":"WebPage","@id":"https:\/\/stratosvillas.com\/it\/useful-information\/guest-reviews\/","url":"https:\/\/stratosvillas.com\/it\/useful-information\/guest-reviews\/","name":"Guest Reviews - Stratosvillas","isPartOf":{"@id":"https:\/\/stratosvillas.com\/#website"},"datePublished":"2018-05-03T15:41:17+00:00","dateModified":"2019-03-26T21:48:45+00:00","breadcrumb":{"@id":"https:\/\/stratosvillas.com\/it\/useful-information\/guest-reviews\/#breadcrumb"},"inLanguage":"it-IT","potentialAction":[{"@type":"ReadAction","target":["https:\/\/stratosvillas.com\/it\/useful-information\/guest-reviews\/"]}]},{"@type":"BreadcrumbList","@id":"https:\/\/stratosvillas.com\/it\/useful-information\/guest-reviews\/#breadcrumb","itemListElement":[{"@type":"ListItem","position":1,"name":"Home","item":"https:\/\/stratosvillas.com\/it\/"},{"@type":"ListItem","position":2,"name":"Useful Information","item":"https:\/\/stratosvillas.com\/it\/useful-information\/"},{"@type":"ListItem","position":3,"name":"Guest Reviews"}]},{"@type":"WebSite","@id":"https:\/\/stratosvillas.com\/#website","url":"https:\/\/stratosvillas.com\/","name":"Stratosvillas","description":"Rethymno villa","potentialAction":[{"@type":"SearchAction","target":{"@type":"EntryPoint","urlTemplate":"https:\/\/stratosvillas.com\/?s={search_term_string}"},"query-input":{"@type":"PropertyValueSpecification","valueRequired":true,"valueName":"search_term_string"}}],"inLanguage":"it-IT"}]}},"_links":{"self":[{"href":"https:\/\/stratosvillas.com\/it\/wp-json\/wp\/v2\/pages\/15635","targetHints":{"allow":["GET"]}}],"collection":[{"href":"https:\/\/stratosvillas.com\/it\/wp-json\/wp\/v2\/pages"}],"about":[{"href":"https:\/\/stratosvillas.com\/it\/wp-json\/wp\/v2\/types\/page"}],"author":[{"embeddable":true,"href":"https:\/\/stratosvillas.com\/it\/wp-json\/wp\/v2\/users\/1"}],"replies":[{"embeddable":true,"href":"https:\/\/stratosvillas.com\/it\/wp-json\/wp\/v2\/comments?post=15635"}],"version-history":[{"count":0,"href":"https:\/\/stratosvillas.com\/it\/wp-json\/wp\/v2\/pages\/15635\/revisions"}],"up":[{"embeddable":true,"href":"https:\/\/stratosvillas.com\/it\/wp-json\/wp\/v2\/pages\/15634"}],"wp:attachment":[{"href":"https:\/\/stratosvillas.com\/it\/wp-json\/wp\/v2\/media?parent=15635"}],"curies":[{"name":"wp","href":"https:\/\/api.w.org\/{rel}","templated":true}]}}